{"id":13648,"date":"2021-04-30T21:21:45","date_gmt":"2021-04-30T21:21:45","guid":{"rendered":"https:\/\/caritasrosario.com.ar\/inicio\/?page_id=13648"},"modified":"2022-06-29T14:38:31","modified_gmt":"2022-06-29T14:38:31","slug":"ayuda-inmediata","status":"publish","type":"page","link":"https:\/\/caritasrosario.com.ar\/inicio\/ayuda-inmediata\/","title":{"rendered":"Ayuda inmediata"},"content":{"rendered":"\t\t<div data-elementor-type=\"wp-page\" data-elementor-id=\"13648\" class=\"elementor elementor-13648\">\n\t\t\t\t\t\t<section class=\"elementor-section elementor-top-section elementor-element elementor-element-11ac0d0 elementor-section-boxed elementor-section-height-default elementor-section-height-default\" data-id=\"11ac0d0\" data-element_type=\"section\">\n\t\t\t\t\t\t<div class=\"elementor-container elementor-column-gap-default\">\n\t\t\t\t\t<div class=\"elementor-column elementor-col-100 elementor-top-column elementor-element elementor-element-e680607\" data-id=\"e680607\" data-element_type=\"column\">\n\t\t\t<div class=\"elementor-widget-wrap elementor-element-populated\">\n\t\t\t\t\t\t<div class=\"elementor-element elementor-element-a64f30a elementor-widget elementor-widget-text-editor\" data-id=\"a64f30a\" data-element_type=\"widget\" data-widget_type=\"text-editor.default\">\n\t\t\t\t<div class=\"elementor-widget-container\">\n\t\t\t\t\t\t\t\t\t<p><strong>AYUDA INMEDIATA<\/strong><\/p><p>Acciones de asistencia, lo primero que aparece para aliviar el dolor de los que sufren, lo que la Iglesia siempre denomin\u00f3 obras de misericordia: dar de comer, vestir, cuidar al enfermo, etc<\/p><p>Se reciben, clasifican y distribuyen las donaciones de alimentos, vestimenta, calzados, muebles, remedios, etc., lo cual es distribuido a trav\u00e9s de las parroquias. C\u00e1ritas realiza acciones con el fin de no solo responder a las necesidades inmediatas sino tambi\u00e9n con el objetivo de dignificar al hombre en su integridad. Por eso, propone acciones de ayuda concreta de alimentaci\u00f3n, abrigo, vestimenta, calzado, remedios, salud, y causados por cat\u00e1strofes o da\u00f1os naturales. Las donaciones se reciben de lunes a viernes de 8.30 a 12.30 hs. Tambi\u00e9n se coordina con el donante el retiro por el domicilio de muebles, art\u00edculos para el hogar, colchones, etc.<\/p><p class=\"p1\"><span style=\"color: #0d1740;\"><span class=\"Apple-converted-space\">\u00a0<\/span><\/span><\/p><p class=\"p1\">\u00a0<\/p>\t\t\t\t\t\t\t\t<\/div>\n\t\t\t\t<\/div>\n\t\t\t\t\t<\/div>\n\t\t<\/div>\n\t\t\t\t\t<\/div>\n\t\t<\/section>\n\t\t\t\t<\/div>\n\t\t","protected":false},"excerpt":{"rendered":"<p>AYUDA INMEDIATA Acciones de asistencia, lo primero que aparece para aliviar el dolor de los que sufren, lo que la Iglesia siempre denomin\u00f3 obras de misericordia: dar de comer, vestir, cuidar al enfermo, etc Se reciben, clasifican y distribuyen las donaciones de alimentos, vestimenta, calzados, muebles, remedios, etc., lo cual es distribuido a trav\u00e9s de&#8230;<\/p>\n","protected":false},"author":2,"featured_media":0,"parent":0,"menu_order":0,"comment_status":"closed","ping_status":"closed","template":"","meta":{"footnotes":""},"class_list":["post-13648","page","type-page","status-publish","hentry"],"yoast_head":"<!-- This site is optimized with the Yoast SEO plugin v27.5 - https:\/\/yoast.com\/product\/yoast-seo-wordpress\/ -->\n<title>Ayuda inmediata - Caritas Rosario<\/title>\n<meta name=\"robots\" content=\"index, follow, max-snippet:-1, max-image-preview:large, max-video-preview:-1\" \/>\n<link rel=\"canonical\" href=\"https:\/\/caritasrosario.com.ar\/inicio\/ayuda-inmediata\/\" \/>\n<meta property=\"og:locale\" content=\"es_ES\" \/>\n<meta property=\"og:type\" content=\"article\" \/>\n<meta property=\"og:title\" content=\"Ayuda inmediata - Caritas Rosario\" \/>\n<meta property=\"og:description\" content=\"AYUDA INMEDIATA Acciones de asistencia, lo primero que aparece para aliviar el dolor de los que sufren, lo que la Iglesia siempre denomin\u00f3 obras de misericordia: dar de comer, vestir, cuidar al enfermo, etc Se reciben, clasifican y distribuyen las donaciones de alimentos, vestimenta, calzados, muebles, remedios, etc., lo cual es distribuido a trav\u00e9s de...\" \/>\n<meta property=\"og:url\" content=\"https:\/\/caritasrosario.com.ar\/inicio\/ayuda-inmediata\/\" \/>\n<meta property=\"og:site_name\" content=\"Caritas Rosario\" \/>\n<meta property=\"article:modified_time\" content=\"2022-06-29T14:38:31+00:00\" \/>\n<meta name=\"twitter:card\" content=\"summary_large_image\" \/>\n<meta name=\"twitter:label1\" content=\"Tiempo de lectura\" \/>\n\t<meta name=\"twitter:data1\" content=\"1 minuto\" \/>\n<script type=\"application\/ld+json\" class=\"yoast-schema-graph\">{\"@context\":\"https:\\\/\\\/schema.org\",\"@graph\":[{\"@type\":\"WebPage\",\"@id\":\"https:\\\/\\\/caritasrosario.com.ar\\\/inicio\\\/ayuda-inmediata\\\/\",\"url\":\"https:\\\/\\\/caritasrosario.com.ar\\\/inicio\\\/ayuda-inmediata\\\/\",\"name\":\"Ayuda inmediata - Caritas Rosario\",\"isPartOf\":{\"@id\":\"https:\\\/\\\/caritasrosario.com.ar\\\/inicio\\\/#website\"},\"datePublished\":\"2021-04-30T21:21:45+00:00\",\"dateModified\":\"2022-06-29T14:38:31+00:00\",\"breadcrumb\":{\"@id\":\"https:\\\/\\\/caritasrosario.com.ar\\\/inicio\\\/ayuda-inmediata\\\/#breadcrumb\"},\"inLanguage\":\"es\",\"potentialAction\":[{\"@type\":\"ReadAction\",\"target\":[\"https:\\\/\\\/caritasrosario.com.ar\\\/inicio\\\/ayuda-inmediata\\\/\"]}]},{\"@type\":\"BreadcrumbList\",\"@id\":\"https:\\\/\\\/caritasrosario.com.ar\\\/inicio\\\/ayuda-inmediata\\\/#breadcrumb\",\"itemListElement\":[{\"@type\":\"ListItem\",\"position\":1,\"name\":\"Portada\",\"item\":\"https:\\\/\\\/caritasrosario.com.ar\\\/inicio\\\/\"},{\"@type\":\"ListItem\",\"position\":2,\"name\":\"Ayuda inmediata\"}]},{\"@type\":\"WebSite\",\"@id\":\"https:\\\/\\\/caritasrosario.com.ar\\\/inicio\\\/#website\",\"url\":\"https:\\\/\\\/caritasrosario.com.ar\\\/inicio\\\/\",\"name\":\"Caritas Rosario\",\"description\":\"Bienvenidos\",\"publisher\":{\"@id\":\"https:\\\/\\\/caritasrosario.com.ar\\\/inicio\\\/#organization\"},\"potentialAction\":[{\"@type\":\"SearchAction\",\"target\":{\"@type\":\"EntryPoint\",\"urlTemplate\":\"https:\\\/\\\/caritasrosario.com.ar\\\/inicio\\\/?s={search_term_string}\"},\"query-input\":{\"@type\":\"PropertyValueSpecification\",\"valueRequired\":true,\"valueName\":\"search_term_string\"}}],\"inLanguage\":\"es\"},{\"@type\":\"Organization\",\"@id\":\"https:\\\/\\\/caritasrosario.com.ar\\\/inicio\\\/#organization\",\"name\":\"Caritas Rosario\",\"url\":\"https:\\\/\\\/caritasrosario.com.ar\\\/inicio\\\/\",\"logo\":{\"@type\":\"ImageObject\",\"inLanguage\":\"es\",\"@id\":\"https:\\\/\\\/caritasrosario.com.ar\\\/inicio\\\/#\\\/schema\\\/logo\\\/image\\\/\",\"url\":\"https:\\\/\\\/caritasrosario.com.ar\\\/inicio\\\/wp-content\\\/uploads\\\/2021\\\/04\\\/cropped-cropped-caritas.png\",\"contentUrl\":\"https:\\\/\\\/caritasrosario.com.ar\\\/inicio\\\/wp-content\\\/uploads\\\/2021\\\/04\\\/cropped-cropped-caritas.png\",\"width\":166,\"height\":199,\"caption\":\"Caritas Rosario\"},\"image\":{\"@id\":\"https:\\\/\\\/caritasrosario.com.ar\\\/inicio\\\/#\\\/schema\\\/logo\\\/image\\\/\"}}]}<\/script>\n<!-- \/ Yoast SEO plugin. -->","yoast_head_json":{"title":"Ayuda inmediata - Caritas Rosario","robots":{"index":"index","follow":"follow","max-snippet":"max-snippet:-1","max-image-preview":"max-image-preview:large","max-video-preview":"max-video-preview:-1"},"canonical":"https:\/\/caritasrosario.com.ar\/inicio\/ayuda-inmediata\/","og_locale":"es_ES","og_type":"article","og_title":"Ayuda inmediata - Caritas Rosario","og_description":"AYUDA INMEDIATA Acciones de asistencia, lo primero que aparece para aliviar el dolor de los que sufren, lo que la Iglesia siempre denomin\u00f3 obras de misericordia: dar de comer, vestir, cuidar al enfermo, etc Se reciben, clasifican y distribuyen las donaciones de alimentos, vestimenta, calzados, muebles, remedios, etc., lo cual es distribuido a trav\u00e9s de...","og_url":"https:\/\/caritasrosario.com.ar\/inicio\/ayuda-inmediata\/","og_site_name":"Caritas Rosario","article_modified_time":"2022-06-29T14:38:31+00:00","twitter_card":"summary_large_image","twitter_misc":{"Tiempo de lectura":"1 minuto"},"schema":{"@context":"https:\/\/schema.org","@graph":[{"@type":"WebPage","@id":"https:\/\/caritasrosario.com.ar\/inicio\/ayuda-inmediata\/","url":"https:\/\/caritasrosario.com.ar\/inicio\/ayuda-inmediata\/","name":"Ayuda inmediata - Caritas Rosario","isPartOf":{"@id":"https:\/\/caritasrosario.com.ar\/inicio\/#website"},"datePublished":"2021-04-30T21:21:45+00:00","dateModified":"2022-06-29T14:38:31+00:00","breadcrumb":{"@id":"https:\/\/caritasrosario.com.ar\/inicio\/ayuda-inmediata\/#breadcrumb"},"inLanguage":"es","potentialAction":[{"@type":"ReadAction","target":["https:\/\/caritasrosario.com.ar\/inicio\/ayuda-inmediata\/"]}]},{"@type":"BreadcrumbList","@id":"https:\/\/caritasrosario.com.ar\/inicio\/ayuda-inmediata\/#breadcrumb","itemListElement":[{"@type":"ListItem","position":1,"name":"Portada","item":"https:\/\/caritasrosario.com.ar\/inicio\/"},{"@type":"ListItem","position":2,"name":"Ayuda inmediata"}]},{"@type":"WebSite","@id":"https:\/\/caritasrosario.com.ar\/inicio\/#website","url":"https:\/\/caritasrosario.com.ar\/inicio\/","name":"Caritas Rosario","description":"Bienvenidos","publisher":{"@id":"https:\/\/caritasrosario.com.ar\/inicio\/#organization"},"potentialAction":[{"@type":"SearchAction","target":{"@type":"EntryPoint","urlTemplate":"https:\/\/caritasrosario.com.ar\/inicio\/?s={search_term_string}"},"query-input":{"@type":"PropertyValueSpecification","valueRequired":true,"valueName":"search_term_string"}}],"inLanguage":"es"},{"@type":"Organization","@id":"https:\/\/caritasrosario.com.ar\/inicio\/#organization","name":"Caritas Rosario","url":"https:\/\/caritasrosario.com.ar\/inicio\/","logo":{"@type":"ImageObject","inLanguage":"es","@id":"https:\/\/caritasrosario.com.ar\/inicio\/#\/schema\/logo\/image\/","url":"https:\/\/caritasrosario.com.ar\/inicio\/wp-content\/uploads\/2021\/04\/cropped-cropped-caritas.png","contentUrl":"https:\/\/caritasrosario.com.ar\/inicio\/wp-content\/uploads\/2021\/04\/cropped-cropped-caritas.png","width":166,"height":199,"caption":"Caritas Rosario"},"image":{"@id":"https:\/\/caritasrosario.com.ar\/inicio\/#\/schema\/logo\/image\/"}}]}},"_links":{"self":[{"href":"https:\/\/caritasrosario.com.ar\/inicio\/wp-json\/wp\/v2\/pages\/13648","targetHints":{"allow":["GET"]}}],"collection":[{"href":"https:\/\/caritasrosario.com.ar\/inicio\/wp-json\/wp\/v2\/pages"}],"about":[{"href":"https:\/\/caritasrosario.com.ar\/inicio\/wp-json\/wp\/v2\/types\/page"}],"author":[{"embeddable":true,"href":"https:\/\/caritasrosario.com.ar\/inicio\/wp-json\/wp\/v2\/users\/2"}],"replies":[{"embeddable":true,"href":"https:\/\/caritasrosario.com.ar\/inicio\/wp-json\/wp\/v2\/comments?post=13648"}],"version-history":[{"count":5,"href":"https:\/\/caritasrosario.com.ar\/inicio\/wp-json\/wp\/v2\/pages\/13648\/revisions"}],"predecessor-version":[{"id":15105,"href":"https:\/\/caritasrosario.com.ar\/inicio\/wp-json\/wp\/v2\/pages\/13648\/revisions\/15105"}],"wp:attachment":[{"href":"https:\/\/caritasrosario.com.ar\/inicio\/wp-json\/wp\/v2\/media?parent=13648"}],"curies":[{"name":"wp","href":"https:\/\/api.w.org\/{rel}","templated":true}]}}