{"id":13717,"date":"2021-04-30T21:42:38","date_gmt":"2021-04-30T21:42:38","guid":{"rendered":"https:\/\/caritasrosario.com.ar\/inicio\/?page_id=13717"},"modified":"2021-04-30T21:46:02","modified_gmt":"2021-04-30T21:46:02","slug":"historia","status":"publish","type":"page","link":"https:\/\/caritasrosario.com.ar\/inicio\/historia\/","title":{"rendered":"HISTORIA"},"content":{"rendered":"\t\t<div data-elementor-type=\"wp-page\" data-elementor-id=\"13717\" class=\"elementor elementor-13717\">\n\t\t\t\t\t\t<section class=\"elementor-section elementor-top-section elementor-element elementor-element-85e72f4 elementor-section-boxed elementor-section-height-default elementor-section-height-default\" data-id=\"85e72f4\" data-element_type=\"section\">\n\t\t\t\t\t\t<div class=\"elementor-container elementor-column-gap-default\">\n\t\t\t\t\t<div class=\"elementor-column elementor-col-100 elementor-top-column elementor-element elementor-element-a700570\" data-id=\"a700570\" data-element_type=\"column\">\n\t\t\t<div class=\"elementor-widget-wrap elementor-element-populated\">\n\t\t\t\t\t\t<div class=\"elementor-element elementor-element-2460840 elementor-widget elementor-widget-text-editor\" data-id=\"2460840\" data-element_type=\"widget\" data-widget_type=\"text-editor.default\">\n\t\t\t\t<div class=\"elementor-widget-container\">\n\t\t\t\t\t\t\t\t\t<p class=\"p1\"><span style=\"color: #09133d;\">Como toda organizaci\u00f3n, C\u00e1ritas tiene su historia, sus principios y preceptos perduran despu\u00e9s de m\u00e1s de siglo de vida, y van evolucionando acorde a las necesidades nuevas que van naciendo en nuestra sociedad actual.<\/span><\/p><h3 class=\"p1\"><strong><span style=\"color: #09133d;\">C\u00e1ritas: comienzos<\/span><\/strong><\/h3><p class=\"p1\"><span style=\"color: #09133d;\">Los primeros movimientos de C\u00e1ritas fueron inspirados en sus or\u00edgenes por los padres Paules a finales del siglo XIX, con sus organizaciones dedicadas a las obras de caridad, tanto en Francia como en Alemania. Estas obras testimoniales y su contacto cercano con el Papa Le\u00f3n XIII le tocaron el coraz\u00f3n, la inteligencia y la imaginaci\u00f3n al seminarista Lorenz Wethmann, estudiante del Colegio Germ\u00e1nico de Roma.<\/span><\/p><p class=\"p1\"><span style=\"color: #09133d;\">Lorenz Wethmann, ya era sacerdote, doctor en filosof\u00eda y teolog\u00eda cuando se integr\u00f3 a la curia de la di\u00f3cesis de Limburgo. En diciembre de 1884, forma parte de la di\u00f3cesis de Francfort renunciando en 1886 para dedicarse a la pastoral social.<span class=\"Apple-converted-space\">\u00a0<\/span><\/span><\/p><p class=\"p1\"><span style=\"color: #09133d;\">Durante estos a\u00f1os, fue madurando la idea de unificar y de establecer la coordinaci\u00f3n con los grupos y organizaciones que de alguna manera se dedicaban a las obras de caridad.<\/span><\/p><p class=\"p1\"><span style=\"color: #09133d;\">Al participar en el IV Curso Pr\u00e1ctico Social de la Unificaci\u00f3n del Pueblo, el Padre Lorenz se encontr\u00f3 con Franz Brandts, Max Brandts, Franz Hitze, August Pieper y el Padre Ciprian, a los cuales les particip\u00f3 su idea de la unificaci\u00f3n de las organizaciones de la caridad.<\/span><\/p><p class=\"p1\"><span style=\"color: #09133d;\">En 1885, con la confluencia de todos ellos, se forma el primer Comit\u00e9 de la Caridad con los objetivos de buscar la mejor manera de organizar a todas las instancias de caridad en la Alemania Cat\u00f3lica, y de aglutinar a cient\u00edficos e intelectuales para elaborar y publicar una revista sobre las acciones de caridad la cual posibilitar\u00eda, con su difusi\u00f3n un proceso de comprensi\u00f3n, de apoyo, de esfuerzo y de camino hacia la uni\u00f3n.<\/span><\/p><p class=\"p1\"><span style=\"color: #09133d;\">En marzo de 1897, en el Capitolio de Friburgo, se concretiza la idea tan codiciada de la uni\u00f3n de las instituciones de caridad de la Alemania Cat\u00f3lica, pero reci\u00e9n el 9 de noviembre de 1897, las autoridades eclesi\u00e1sticas de Friburgo y el Arzobispado Primado de Colonia admiten dicha instituci\u00f3n como Caridad planeada bajo la custodia de los obispos. Friburgo pasa, as\u00ed, a ser la primera sede de la C\u00e1ritas de la Alemania Cat\u00f3lica.<\/span><\/p><p class=\"p1\"><span style=\"color: #09133d;\">Durante la Primera Guerra Mundial (1914-1918), C\u00e1ritas de Alemania Cat\u00f3lica tiene una gran presencia testimonial al servir de salvo conducto a la recuperaci\u00f3n de los soldados presos, sin distinci\u00f3n de nacionalidades e ideolog\u00edas, para dar protecci\u00f3n a los ni\u00f1os hu\u00e9rfanos de guerra y servir de correo y contacto con los soldados presos y beligerantes. Despu\u00e9s de la guerra, C\u00e1ritas Alemania, revisa profundamente su actuar y la dial\u00e9ctica del patrimonio institucional de C\u00e1ritas, al preguntarse: \u00bfde qui\u00e9n es C\u00e1ritas? \u00bfde la Iglesia jer\u00e1rquica, de los seglares o de toda la Iglesia?<span class=\"Apple-converted-space\">\u00a0<\/span><\/span><\/p><p class=\"p1\"><span style=\"color: #09133d;\">Para 1916, C\u00e1ritas de la Alemania Cat\u00f3lica estaba consolidada.<\/span><\/p><p class=\"p1\"><span style=\"color: #09133d;\">C\u00e1ritas Alemania re\u00fane las ayudas internacionales, principalmente de Francia, Suiza y Estados Unidos comenzando as\u00ed a generar la idea de la internacionalizaci\u00f3n de C\u00e1ritas.<\/span><\/p>\t\t\t\t\t\t\t\t<\/div>\n\t\t\t\t<\/div>\n\t\t\t\t\t<\/div>\n\t\t<\/div>\n\t\t\t\t\t<\/div>\n\t\t<\/section>\n\t\t\t\t<section class=\"elementor-section elementor-top-section elementor-element elementor-element-13dfb7a elementor-section-boxed elementor-section-height-default elementor-section-height-default\" data-id=\"13dfb7a\" data-element_type=\"section\">\n\t\t\t\t\t\t<div class=\"elementor-container elementor-column-gap-default\">\n\t\t\t\t\t<div class=\"elementor-column elementor-col-100 elementor-top-column elementor-element elementor-element-3b36f3f\" data-id=\"3b36f3f\" data-element_type=\"column\">\n\t\t\t<div class=\"elementor-widget-wrap elementor-element-populated\">\n\t\t\t\t\t\t<div class=\"elementor-element elementor-element-c88707c elementor-widget elementor-widget-text-editor\" data-id=\"c88707c\" data-element_type=\"widget\" data-widget_type=\"text-editor.default\">\n\t\t\t\t<div class=\"elementor-widget-container\">\n\t\t\t\t\t\t\t\t\t<p class=\"p1\"><strong><span style=\"color: #090e3b;\">Caritas internacionalista<\/span><\/strong><\/p><p class=\"p1\"><span style=\"color: #090e3b;\">Con la experiencia internacionalista de C\u00e1ritas Alemania, la Iglesia Cat\u00f3lica de Roma en 1947, comienza a manejar el proyecto de CARITAS INTERNATIONALISTA por iniciativa del papa P\u00edo XII y el Secretario de Estado sustituto, el Cardenal Giovanni Montini, futuro Papa Pablo VI.<\/span><\/p><p class=\"p1\"><span style=\"color: #090e3b;\">Fue as\u00ed que en 1950 surgi\u00f3 la Confederaci\u00f3n que nuclea las C\u00e1ritas del mundo, cuyos estatutos fueron aprobados por la Santa Sede en 1951 durante la Asamblea General constituyente de la misma. En ese entonces, los miembros proced\u00edan de 13 pa\u00edses.<span class=\"Apple-converted-space\">\u00a0<\/span><\/span><\/p><p class=\"p1\"><span style=\"color: #090e3b;\">En la reuni\u00f3n de la Conferencia Episcopal Latinoamericana (CELAM) en R\u00edo de Janeiro, en el a\u00f1o 1955, Mons. Bayer, Secretariado General de C\u00e1ritas Internationalis, invit\u00f3 a los Obispos a fundar sus C\u00e1ritas.<\/span><\/p><p class=\"p1\"><span style=\"color: #090e3b;\">Hoy C\u00e1ritas Internationalis es una de las m\u00e1s amplias redes humanitarias del mundo, congregando a m\u00e1s de 200 pa\u00edses.<\/span><\/p><p class=\"p1\"><strong><span style=\"color: #090e3b;\">Los prop\u00f3sitos de C\u00e1ritas Internationalis son:<\/span><\/strong><\/p><p class=\"p1\"><span style=\"color: #090e3b;\">1. Ayudar a las C\u00e1ritas Nacionales a participar de la asistencia, la promoci\u00f3n humana y el desarrollo integral de los m\u00e1s desfavorecidos<span class=\"Apple-converted-space\">\u00a0<\/span><\/span><\/p><p class=\"p1\"><span style=\"color: #090e3b;\">2. Estudiar los problemas planteados por la miseria en el mundo, las causas y posibles soluciones.<span class=\"Apple-converted-space\">\u00a0<\/span><\/span><\/p><p class=\"p1\"><span style=\"color: #090e3b;\">3. Participar en el esfuerzo de la poblaci\u00f3n por mejorar sus condiciones de vida tanto individual como comunitaria.<span class=\"Apple-converted-space\">\u00a0<\/span><\/span><\/p><p class=\"p1\"><span style=\"color: #090e3b;\">4. Animar y coordinar la acci\u00f3n frente a situaciones de emergencia.<span class=\"Apple-converted-space\">\u00a0<\/span><\/span><\/p><p class=\"p1\"><span style=\"color: #090e3b;\">Estos objetivos se establecen en el marco de la Doctrina Social de la Iglesia cuyos valores se fundan en acciones orientadas a los m\u00e1s necesitados, siendo ellos los protagonistas de su propio desarrollo e impulsando el respeto por la justicia.<span class=\"Apple-converted-space\">\u00a0<\/span><\/span><\/p><p class=\"p1\"><strong><span style=\"color: #090e3b;\">C\u00c1RITAS ARGENTINA<span class=\"Apple-converted-space\">\u00a0<\/span><\/span><\/strong><\/p><p class=\"p1\"><span style=\"color: #090e3b;\">Siguiendo las l\u00edneas definidas por C\u00e1ritas Internationalis, la Conferencia Episcopal Argentina (CEA) cre\u00f3 en 1956 C\u00e1ritas Argentina cuyo estatuto expone como objetivo principal &#8220;animar y coordinar la obra social y caritativa de la Iglesia, insertada en la pastoral org\u00e1nica a trav\u00e9s de formas adaptadas al tiempo y las circunstancias, para lograr el desarrollo integral de todo el hombre y de todos los hombres, con especial preferencia por las personas y comunidades m\u00e1s marginadas.&#8221;<span class=\"Apple-converted-space\">\u00a0<\/span><\/span><\/p><p class=\"p1\"><span style=\"color: #090e3b;\">En 1962 comienzan a reunirse los secretariados diocesanos que se constitu\u00edan. En muchos casos logran constituir sus sedes y contar con voluntarios y recursos para recibir donaciones.<\/span><\/p><p class=\"p1\"><span style=\"color: #090e3b;\">Con una doble finalidad, formativa e informativa a la vez, en 1966 comienza a editarse el Bolet\u00edn Informacaritas, que se remit\u00eda gratuitamente a todas las C\u00e1ritas diocesanas del pa\u00eds.<\/span><\/p><p class=\"p1\"><span style=\"color: #090e3b;\">Villa Carlos Paz es la sede del Primer Encuentro Nacional de C\u00e1ritas, que tuvo lugar en 1969. El principal objetivo del mismo fue responder \u201cQu\u00e9 es C\u00e1ritas en la Argentina, Qu\u00e9 debe ser C\u00e1ritas en la Argentina y C\u00f3mo hacerlo\u201d.<span class=\"Apple-converted-space\">\u00a0<\/span><\/span><\/p><p class=\"p1\"><span style=\"color: #090e3b;\">Las conclusiones del Encuentro se agruparon en un Documento Base, en el que se proponen como objetivos para C\u00e1ritas \u201c&#8230;preocuparse de una manera particular de la promoci\u00f3n popular; promover la formaci\u00f3n de asistentes y trabajadores sociales a nivel alto y medio; concentrar particulares esfuerzos en la soluci\u00f3n del problema de vivienda popular; y ayudar a los desvalidos de cualquier tipo y medio social, para que conozcan sus propios derechos y sepan hacer uso de ellos, comprender sus angustias y transformarlas, no en c\u00f3lera y violencia, sino en la energ\u00eda fuerte y pac\u00edfica de obras constructivas\u201d.<\/span><\/p><p class=\"p1\"><span style=\"color: #090e3b;\">Promediando la d\u00e9cada del setenta, la mayor\u00eda de las C\u00e1ritas de Am\u00e9rica Latina destinaban gran parte de sus energ\u00edas a la ayuda inmediata, especialmente a trav\u00e9s de la donaci\u00f3n de alimentos, medicamentos y ropa. En nuestro pa\u00eds esta situaci\u00f3n comienza a revertirse a principios de los ochenta, cuando aparece la necesidad de animar procesos de promoci\u00f3n humana y un mayor protagonismo de quienes participan de los distintos proyectos, para procurar el propio desarrollo y el de sus comunidades.<\/span><\/p><p class=\"p1\"><span style=\"color: #090e3b;\">El 8 de mayo de 1981 Caritas pas\u00f3 a ser un organismo de la Pastoral Caritativa de la Iglesia, dependiente del Equipo Pastoral Social del Episcopado Argentino.<\/span><\/p><p class=\"p1\"><strong><span style=\"color: #090e3b;\">C\u00c1RITAS ROSARIO<\/span><\/strong><\/p><p class=\"p1\"><span style=\"color: #090e3b;\">En Rosario, Santa Fe, los comienzos de C\u00e1ritas tambi\u00e9n datan de 1960, aproximadamente. Empezaron a organizarse como di\u00f3cesis reuni\u00e9ndose en calle Santiago 633. La sede se encontraba en donde actualmente funciona el Arzobispado de Rosario, en calle C\u00f3rdoba 1677.<\/span><\/p><p class=\"p1\"><span style=\"color: #090e3b;\">Un 26 de mayo de 1965, lo que se llamaba la \u201cFraterna Ayuda Cristiana\u201d, recib\u00eda como donaci\u00f3n el terreno donde a la actualidad tiene asiento la sede central de C\u00e1ritas, Balcarce 1077, nombr\u00e1ndola \u201cCasa Santiago Macera\u201d, en honor al donante. En la placa colocada en la puerta se pod\u00eda visualizar que lo destinar\u00edan a \u201c&#8230;obras de beneficencia de la Iglesia&#8230;\u201d.<span class=\"Apple-converted-space\">\u00a0<\/span><\/span><\/p><p class=\"p1\"><span style=\"color: #090e3b;\">Los Delegados decanales colaboran, asesoran y articulan la comunicaci\u00f3n de los decanatos con las parroquias y sus C\u00e1ritas, con las comunidades, comedores y organizaciones.<span class=\"Apple-converted-space\">\u00a0<\/span><\/span><\/p><p class=\"p1\"><span style=\"color: #090e3b;\">Las reuniones de decanatos, los encuentros y jornadas para Directores, Voluntarios y miembros de las C\u00e1ritas, los Seminarios y escuelas de Voluntariado, son espacios para la reflexi\u00f3n, la espiritualidad y la formaci\u00f3n, para compartir experiencias, estudiar los problemas sociales y buscar respuestas, fomentar la comunicaci\u00f3n, la comuni\u00f3n y el apostolado eclesial, sirviendo a los pobres con esp\u00edritu evang\u00e9lico.<\/span><\/p>\t\t\t\t\t\t\t\t<\/div>\n\t\t\t\t<\/div>\n\t\t\t\t\t<\/div>\n\t\t<\/div>\n\t\t\t\t\t<\/div>\n\t\t<\/section>\n\t\t\t\t<\/div>\n\t\t","protected":false},"excerpt":{"rendered":"<p>Como toda organizaci\u00f3n, C\u00e1ritas tiene su historia, sus principios y preceptos perduran despu\u00e9s de m\u00e1s de siglo de vida, y van evolucionando acorde a las necesidades nuevas que van naciendo en nuestra sociedad actual. C\u00e1ritas: comienzos Los primeros movimientos de C\u00e1ritas fueron inspirados en sus or\u00edgenes por los padres Paules a finales del siglo XIX,&#8230;<\/p>\n","protected":false},"author":2,"featured_media":0,"parent":0,"menu_order":0,"comment_status":"closed","ping_status":"closed","template":"","meta":{"footnotes":""},"class_list":["post-13717","page","type-page","status-publish","hentry"],"yoast_head":"<!-- This site is optimized with the Yoast SEO plugin v27.4 - https:\/\/yoast.com\/product\/yoast-seo-wordpress\/ -->\n<title>HISTORIA - Caritas Rosario<\/title>\n<meta name=\"robots\" content=\"index, follow, max-snippet:-1, max-image-preview:large, max-video-preview:-1\" \/>\n<link rel=\"canonical\" href=\"https:\/\/caritasrosario.com.ar\/inicio\/historia\/\" \/>\n<meta property=\"og:locale\" content=\"es_ES\" \/>\n<meta property=\"og:type\" content=\"article\" \/>\n<meta property=\"og:title\" content=\"HISTORIA - Caritas Rosario\" \/>\n<meta property=\"og:description\" content=\"Como toda organizaci\u00f3n, C\u00e1ritas tiene su historia, sus principios y preceptos perduran despu\u00e9s de m\u00e1s de siglo de vida, y van evolucionando acorde a las necesidades nuevas que van naciendo en nuestra sociedad actual. C\u00e1ritas: comienzos Los primeros movimientos de C\u00e1ritas fueron inspirados en sus or\u00edgenes por los padres Paules a finales del siglo XIX,...\" \/>\n<meta property=\"og:url\" content=\"https:\/\/caritasrosario.com.ar\/inicio\/historia\/\" \/>\n<meta property=\"og:site_name\" content=\"Caritas Rosario\" \/>\n<meta property=\"article:modified_time\" content=\"2021-04-30T21:46:02+00:00\" \/>\n<meta name=\"twitter:card\" content=\"summary_large_image\" \/>\n<meta name=\"twitter:label1\" content=\"Tiempo de lectura\" \/>\n\t<meta name=\"twitter:data1\" content=\"7 minutos\" \/>\n<script type=\"application\/ld+json\" class=\"yoast-schema-graph\">{\"@context\":\"https:\\\/\\\/schema.org\",\"@graph\":[{\"@type\":\"WebPage\",\"@id\":\"https:\\\/\\\/caritasrosario.com.ar\\\/inicio\\\/historia\\\/\",\"url\":\"https:\\\/\\\/caritasrosario.com.ar\\\/inicio\\\/historia\\\/\",\"name\":\"HISTORIA - Caritas Rosario\",\"isPartOf\":{\"@id\":\"https:\\\/\\\/caritasrosario.com.ar\\\/inicio\\\/#website\"},\"datePublished\":\"2021-04-30T21:42:38+00:00\",\"dateModified\":\"2021-04-30T21:46:02+00:00\",\"breadcrumb\":{\"@id\":\"https:\\\/\\\/caritasrosario.com.ar\\\/inicio\\\/historia\\\/#breadcrumb\"},\"inLanguage\":\"es\",\"potentialAction\":[{\"@type\":\"ReadAction\",\"target\":[\"https:\\\/\\\/caritasrosario.com.ar\\\/inicio\\\/historia\\\/\"]}]},{\"@type\":\"BreadcrumbList\",\"@id\":\"https:\\\/\\\/caritasrosario.com.ar\\\/inicio\\\/historia\\\/#breadcrumb\",\"itemListElement\":[{\"@type\":\"ListItem\",\"position\":1,\"name\":\"Portada\",\"item\":\"https:\\\/\\\/caritasrosario.com.ar\\\/inicio\\\/\"},{\"@type\":\"ListItem\",\"position\":2,\"name\":\"HISTORIA\"}]},{\"@type\":\"WebSite\",\"@id\":\"https:\\\/\\\/caritasrosario.com.ar\\\/inicio\\\/#website\",\"url\":\"https:\\\/\\\/caritasrosario.com.ar\\\/inicio\\\/\",\"name\":\"Caritas Rosario\",\"description\":\"Bienvenidos\",\"publisher\":{\"@id\":\"https:\\\/\\\/caritasrosario.com.ar\\\/inicio\\\/#organization\"},\"potentialAction\":[{\"@type\":\"SearchAction\",\"target\":{\"@type\":\"EntryPoint\",\"urlTemplate\":\"https:\\\/\\\/caritasrosario.com.ar\\\/inicio\\\/?s={search_term_string}\"},\"query-input\":{\"@type\":\"PropertyValueSpecification\",\"valueRequired\":true,\"valueName\":\"search_term_string\"}}],\"inLanguage\":\"es\"},{\"@type\":\"Organization\",\"@id\":\"https:\\\/\\\/caritasrosario.com.ar\\\/inicio\\\/#organization\",\"name\":\"Caritas Rosario\",\"url\":\"https:\\\/\\\/caritasrosario.com.ar\\\/inicio\\\/\",\"logo\":{\"@type\":\"ImageObject\",\"inLanguage\":\"es\",\"@id\":\"https:\\\/\\\/caritasrosario.com.ar\\\/inicio\\\/#\\\/schema\\\/logo\\\/image\\\/\",\"url\":\"https:\\\/\\\/caritasrosario.com.ar\\\/inicio\\\/wp-content\\\/uploads\\\/2021\\\/04\\\/cropped-cropped-caritas.png\",\"contentUrl\":\"https:\\\/\\\/caritasrosario.com.ar\\\/inicio\\\/wp-content\\\/uploads\\\/2021\\\/04\\\/cropped-cropped-caritas.png\",\"width\":166,\"height\":199,\"caption\":\"Caritas Rosario\"},\"image\":{\"@id\":\"https:\\\/\\\/caritasrosario.com.ar\\\/inicio\\\/#\\\/schema\\\/logo\\\/image\\\/\"}}]}<\/script>\n<!-- \/ Yoast SEO plugin. -->","yoast_head_json":{"title":"HISTORIA - Caritas Rosario","robots":{"index":"index","follow":"follow","max-snippet":"max-snippet:-1","max-image-preview":"max-image-preview:large","max-video-preview":"max-video-preview:-1"},"canonical":"https:\/\/caritasrosario.com.ar\/inicio\/historia\/","og_locale":"es_ES","og_type":"article","og_title":"HISTORIA - Caritas Rosario","og_description":"Como toda organizaci\u00f3n, C\u00e1ritas tiene su historia, sus principios y preceptos perduran despu\u00e9s de m\u00e1s de siglo de vida, y van evolucionando acorde a las necesidades nuevas que van naciendo en nuestra sociedad actual. C\u00e1ritas: comienzos Los primeros movimientos de C\u00e1ritas fueron inspirados en sus or\u00edgenes por los padres Paules a finales del siglo XIX,...","og_url":"https:\/\/caritasrosario.com.ar\/inicio\/historia\/","og_site_name":"Caritas Rosario","article_modified_time":"2021-04-30T21:46:02+00:00","twitter_card":"summary_large_image","twitter_misc":{"Tiempo de lectura":"7 minutos"},"schema":{"@context":"https:\/\/schema.org","@graph":[{"@type":"WebPage","@id":"https:\/\/caritasrosario.com.ar\/inicio\/historia\/","url":"https:\/\/caritasrosario.com.ar\/inicio\/historia\/","name":"HISTORIA - Caritas Rosario","isPartOf":{"@id":"https:\/\/caritasrosario.com.ar\/inicio\/#website"},"datePublished":"2021-04-30T21:42:38+00:00","dateModified":"2021-04-30T21:46:02+00:00","breadcrumb":{"@id":"https:\/\/caritasrosario.com.ar\/inicio\/historia\/#breadcrumb"},"inLanguage":"es","potentialAction":[{"@type":"ReadAction","target":["https:\/\/caritasrosario.com.ar\/inicio\/historia\/"]}]},{"@type":"BreadcrumbList","@id":"https:\/\/caritasrosario.com.ar\/inicio\/historia\/#breadcrumb","itemListElement":[{"@type":"ListItem","position":1,"name":"Portada","item":"https:\/\/caritasrosario.com.ar\/inicio\/"},{"@type":"ListItem","position":2,"name":"HISTORIA"}]},{"@type":"WebSite","@id":"https:\/\/caritasrosario.com.ar\/inicio\/#website","url":"https:\/\/caritasrosario.com.ar\/inicio\/","name":"Caritas Rosario","description":"Bienvenidos","publisher":{"@id":"https:\/\/caritasrosario.com.ar\/inicio\/#organization"},"potentialAction":[{"@type":"SearchAction","target":{"@type":"EntryPoint","urlTemplate":"https:\/\/caritasrosario.com.ar\/inicio\/?s={search_term_string}"},"query-input":{"@type":"PropertyValueSpecification","valueRequired":true,"valueName":"search_term_string"}}],"inLanguage":"es"},{"@type":"Organization","@id":"https:\/\/caritasrosario.com.ar\/inicio\/#organization","name":"Caritas Rosario","url":"https:\/\/caritasrosario.com.ar\/inicio\/","logo":{"@type":"ImageObject","inLanguage":"es","@id":"https:\/\/caritasrosario.com.ar\/inicio\/#\/schema\/logo\/image\/","url":"https:\/\/caritasrosario.com.ar\/inicio\/wp-content\/uploads\/2021\/04\/cropped-cropped-caritas.png","contentUrl":"https:\/\/caritasrosario.com.ar\/inicio\/wp-content\/uploads\/2021\/04\/cropped-cropped-caritas.png","width":166,"height":199,"caption":"Caritas Rosario"},"image":{"@id":"https:\/\/caritasrosario.com.ar\/inicio\/#\/schema\/logo\/image\/"}}]}},"_links":{"self":[{"href":"https:\/\/caritasrosario.com.ar\/inicio\/wp-json\/wp\/v2\/pages\/13717","targetHints":{"allow":["GET"]}}],"collection":[{"href":"https:\/\/caritasrosario.com.ar\/inicio\/wp-json\/wp\/v2\/pages"}],"about":[{"href":"https:\/\/caritasrosario.com.ar\/inicio\/wp-json\/wp\/v2\/types\/page"}],"author":[{"embeddable":true,"href":"https:\/\/caritasrosario.com.ar\/inicio\/wp-json\/wp\/v2\/users\/2"}],"replies":[{"embeddable":true,"href":"https:\/\/caritasrosario.com.ar\/inicio\/wp-json\/wp\/v2\/comments?post=13717"}],"version-history":[{"count":5,"href":"https:\/\/caritasrosario.com.ar\/inicio\/wp-json\/wp\/v2\/pages\/13717\/revisions"}],"predecessor-version":[{"id":13725,"href":"https:\/\/caritasrosario.com.ar\/inicio\/wp-json\/wp\/v2\/pages\/13717\/revisions\/13725"}],"wp:attachment":[{"href":"https:\/\/caritasrosario.com.ar\/inicio\/wp-json\/wp\/v2\/media?parent=13717"}],"curies":[{"name":"wp","href":"https:\/\/api.w.org\/{rel}","templated":true}]}}