{"id":14334,"date":"2021-05-04T19:43:32","date_gmt":"2021-05-04T19:43:32","guid":{"rendered":"https:\/\/caritasrosario.com.ar\/inicio\/?page_id=14334"},"modified":"2021-05-04T19:44:51","modified_gmt":"2021-05-04T19:44:51","slug":"organizacion","status":"publish","type":"page","link":"https:\/\/caritasrosario.com.ar\/inicio\/organizacion\/","title":{"rendered":"ORGANIZACI\u00d3N"},"content":{"rendered":"\t\t<div data-elementor-type=\"wp-page\" data-elementor-id=\"14334\" class=\"elementor elementor-14334\">\n\t\t\t\t\t\t<section class=\"elementor-section elementor-top-section elementor-element elementor-element-46937f2 elementor-section-boxed elementor-section-height-default elementor-section-height-default\" data-id=\"46937f2\" data-element_type=\"section\">\n\t\t\t\t\t\t<div class=\"elementor-container elementor-column-gap-default\">\n\t\t\t\t\t<div class=\"elementor-column elementor-col-100 elementor-top-column elementor-element elementor-element-23c8a3b\" data-id=\"23c8a3b\" data-element_type=\"column\">\n\t\t\t<div class=\"elementor-widget-wrap elementor-element-populated\">\n\t\t\t\t\t\t<div class=\"elementor-element elementor-element-79834c3 elementor-widget elementor-widget-text-editor\" data-id=\"79834c3\" data-element_type=\"widget\" data-widget_type=\"text-editor.default\">\n\t\t\t\t<div class=\"elementor-widget-container\">\n\t\t\t\t\t\t\t\t\t<p class=\"p1\"><span style=\"color: #0d0e36;\"><strong>C\u00c1RITAS ARGENTINA<\/strong> en sus planos Nacional, Regional, Diocesano y Parroquial, en concordancia con C\u00c1RITAS <strong>INTERNATIONALIS<\/strong><\/span><\/p><p class=\"p1\"><span style=\"color: #0d0e36;\"><span class=\"Apple-converted-space\">\u00a0<\/span>La presencia de C\u00e1ritas en todo el pa\u00eds permite el intercambio, la coordinaci\u00f3n y el trabajo articulado de sus miembros y se organiza en los siguientes niveles de intervenci\u00f3n:<\/span><\/p><p class=\"p1\"><span style=\"color: #0d0e36;\"><strong>C\u00c1RITAS PARROQUIALES<\/strong><\/span><\/p><p class=\"p1\"><span style=\"color: #0d0e36;\">Alrededor de 3.500 parroquias, capillas y centros misionales, animan y coordinan en todo el pa\u00eds la tarea de C\u00e1ritas en su \u00e1mbito local. Su acci\u00f3n llega de manera directa a las familias m\u00e1s pobres de cada comunidad.<\/span><\/p><p class=\"p1\"><span style=\"color: #0d0e36;\"><strong>C\u00c1RITAS DIOCESANAS<\/strong><\/span><\/p><p class=\"p1\"><span style=\"color: #0d0e36;\">Animan, articulan y coordinan la tarea de las C\u00e1ritas parroquiales y llevan adelante programas y proyectos de asistencia y promoci\u00f3n a nivel diocesano y regional. C\u00e1ritas est\u00e1 presente en las 66 di\u00f3cesis del pa\u00eds. Est\u00e1n presididas por los obispos diocesanos.<\/span><\/p><p class=\"p1\"><span style=\"color: #0d0e36;\">Las C\u00e1ritas diocesanas est\u00e1n agrupadas en 8 regiones de acuerdo a su disposici\u00f3n geogr\u00e1fica, promoviendo el intercambio de experiencias y articulaci\u00f3n de proyectos comunes, as\u00ed como la cooperaci\u00f3n en el estudio y en la coordinaci\u00f3n de la soluci\u00f3n de los problemas vinculados al servicio de la caridad que se planteen en el \u00e1mbito de la regi\u00f3n.<\/span><\/p><p class=\"p1\"><span style=\"color: #0d0e36;\"><strong>LAS REGIONES QUE INTEGRAN C\u00c1RITAS ARGENTINA SON:<\/strong><\/span><\/p><p class=\"p1\"><span style=\"color: #0d0e36;\">NOA (Noroeste Argentino), NEA (Noreste Argentino), Cuyo, Centro, Litoral, Platense, Buenos Aires y Patagonia.<\/span><\/p><p class=\"p1\"><span style=\"color: #0d0e36;\"><strong>C\u00c1RITAS NACIONAL<\/strong><\/span><\/p><p class=\"p1\"><span style=\"color: #0d0e36;\">Anima y apoya la acci\u00f3n de las C\u00e1ritas diocesanas articulando y coordinando recursos, programas y esfuerzos mediante el acompa\u00f1amiento, la asistencia t\u00e9cnica, la capacitaci\u00f3n y el monitoreo de sus equipos de trabajo.<\/span><\/p>\t\t\t\t\t\t\t\t<\/div>\n\t\t\t\t<\/div>\n\t\t\t\t\t<\/div>\n\t\t<\/div>\n\t\t\t\t\t<\/div>\n\t\t<\/section>\n\t\t\t\t<\/div>\n\t\t","protected":false},"excerpt":{"rendered":"<p>C\u00c1RITAS ARGENTINA en sus planos Nacional, Regional, Diocesano y Parroquial, en concordancia con C\u00c1RITAS INTERNATIONALIS \u00a0La presencia de C\u00e1ritas en todo el pa\u00eds permite el intercambio, la coordinaci\u00f3n y el trabajo articulado de sus miembros y se organiza en los siguientes niveles de intervenci\u00f3n: C\u00c1RITAS PARROQUIALES Alrededor de 3.500 parroquias, capillas y centros misionales, animan&#8230;<\/p>\n","protected":false},"author":2,"featured_media":0,"parent":0,"menu_order":0,"comment_status":"closed","ping_status":"closed","template":"","meta":{"footnotes":""},"class_list":["post-14334","page","type-page","status-publish","hentry"],"yoast_head":"<!-- This site is optimized with the Yoast SEO plugin v27.5 - https:\/\/yoast.com\/product\/yoast-seo-wordpress\/ -->\n<title>ORGANIZACI\u00d3N - Caritas Rosario<\/title>\n<meta name=\"robots\" content=\"index, follow, max-snippet:-1, max-image-preview:large, max-video-preview:-1\" \/>\n<link rel=\"canonical\" href=\"https:\/\/caritasrosario.com.ar\/inicio\/organizacion\/\" \/>\n<meta property=\"og:locale\" content=\"es_ES\" \/>\n<meta property=\"og:type\" content=\"article\" \/>\n<meta property=\"og:title\" content=\"ORGANIZACI\u00d3N - Caritas Rosario\" \/>\n<meta property=\"og:description\" content=\"C\u00c1RITAS ARGENTINA en sus planos Nacional, Regional, Diocesano y Parroquial, en concordancia con C\u00c1RITAS INTERNATIONALIS \u00a0La presencia de C\u00e1ritas en todo el pa\u00eds permite el intercambio, la coordinaci\u00f3n y el trabajo articulado de sus miembros y se organiza en los siguientes niveles de intervenci\u00f3n: C\u00c1RITAS PARROQUIALES Alrededor de 3.500 parroquias, capillas y centros misionales, animan...\" \/>\n<meta property=\"og:url\" content=\"https:\/\/caritasrosario.com.ar\/inicio\/organizacion\/\" \/>\n<meta property=\"og:site_name\" content=\"Caritas Rosario\" \/>\n<meta property=\"article:modified_time\" content=\"2021-05-04T19:44:51+00:00\" \/>\n<meta name=\"twitter:card\" content=\"summary_large_image\" \/>\n<meta name=\"twitter:label1\" content=\"Tiempo de lectura\" \/>\n\t<meta name=\"twitter:data1\" content=\"1 minuto\" \/>\n<script type=\"application\/ld+json\" class=\"yoast-schema-graph\">{\"@context\":\"https:\\\/\\\/schema.org\",\"@graph\":[{\"@type\":\"WebPage\",\"@id\":\"https:\\\/\\\/caritasrosario.com.ar\\\/inicio\\\/organizacion\\\/\",\"url\":\"https:\\\/\\\/caritasrosario.com.ar\\\/inicio\\\/organizacion\\\/\",\"name\":\"ORGANIZACI\u00d3N - Caritas Rosario\",\"isPartOf\":{\"@id\":\"https:\\\/\\\/caritasrosario.com.ar\\\/inicio\\\/#website\"},\"datePublished\":\"2021-05-04T19:43:32+00:00\",\"dateModified\":\"2021-05-04T19:44:51+00:00\",\"breadcrumb\":{\"@id\":\"https:\\\/\\\/caritasrosario.com.ar\\\/inicio\\\/organizacion\\\/#breadcrumb\"},\"inLanguage\":\"es\",\"potentialAction\":[{\"@type\":\"ReadAction\",\"target\":[\"https:\\\/\\\/caritasrosario.com.ar\\\/inicio\\\/organizacion\\\/\"]}]},{\"@type\":\"BreadcrumbList\",\"@id\":\"https:\\\/\\\/caritasrosario.com.ar\\\/inicio\\\/organizacion\\\/#breadcrumb\",\"itemListElement\":[{\"@type\":\"ListItem\",\"position\":1,\"name\":\"Portada\",\"item\":\"https:\\\/\\\/caritasrosario.com.ar\\\/inicio\\\/\"},{\"@type\":\"ListItem\",\"position\":2,\"name\":\"ORGANIZACI\u00d3N\"}]},{\"@type\":\"WebSite\",\"@id\":\"https:\\\/\\\/caritasrosario.com.ar\\\/inicio\\\/#website\",\"url\":\"https:\\\/\\\/caritasrosario.com.ar\\\/inicio\\\/\",\"name\":\"Caritas Rosario\",\"description\":\"Bienvenidos\",\"publisher\":{\"@id\":\"https:\\\/\\\/caritasrosario.com.ar\\\/inicio\\\/#organization\"},\"potentialAction\":[{\"@type\":\"SearchAction\",\"target\":{\"@type\":\"EntryPoint\",\"urlTemplate\":\"https:\\\/\\\/caritasrosario.com.ar\\\/inicio\\\/?s={search_term_string}\"},\"query-input\":{\"@type\":\"PropertyValueSpecification\",\"valueRequired\":true,\"valueName\":\"search_term_string\"}}],\"inLanguage\":\"es\"},{\"@type\":\"Organization\",\"@id\":\"https:\\\/\\\/caritasrosario.com.ar\\\/inicio\\\/#organization\",\"name\":\"Caritas Rosario\",\"url\":\"https:\\\/\\\/caritasrosario.com.ar\\\/inicio\\\/\",\"logo\":{\"@type\":\"ImageObject\",\"inLanguage\":\"es\",\"@id\":\"https:\\\/\\\/caritasrosario.com.ar\\\/inicio\\\/#\\\/schema\\\/logo\\\/image\\\/\",\"url\":\"https:\\\/\\\/caritasrosario.com.ar\\\/inicio\\\/wp-content\\\/uploads\\\/2021\\\/04\\\/cropped-cropped-caritas.png\",\"contentUrl\":\"https:\\\/\\\/caritasrosario.com.ar\\\/inicio\\\/wp-content\\\/uploads\\\/2021\\\/04\\\/cropped-cropped-caritas.png\",\"width\":166,\"height\":199,\"caption\":\"Caritas Rosario\"},\"image\":{\"@id\":\"https:\\\/\\\/caritasrosario.com.ar\\\/inicio\\\/#\\\/schema\\\/logo\\\/image\\\/\"}}]}<\/script>\n<!-- \/ Yoast SEO plugin. -->","yoast_head_json":{"title":"ORGANIZACI\u00d3N - Caritas Rosario","robots":{"index":"index","follow":"follow","max-snippet":"max-snippet:-1","max-image-preview":"max-image-preview:large","max-video-preview":"max-video-preview:-1"},"canonical":"https:\/\/caritasrosario.com.ar\/inicio\/organizacion\/","og_locale":"es_ES","og_type":"article","og_title":"ORGANIZACI\u00d3N - Caritas Rosario","og_description":"C\u00c1RITAS ARGENTINA en sus planos Nacional, Regional, Diocesano y Parroquial, en concordancia con C\u00c1RITAS INTERNATIONALIS \u00a0La presencia de C\u00e1ritas en todo el pa\u00eds permite el intercambio, la coordinaci\u00f3n y el trabajo articulado de sus miembros y se organiza en los siguientes niveles de intervenci\u00f3n: C\u00c1RITAS PARROQUIALES Alrededor de 3.500 parroquias, capillas y centros misionales, animan...","og_url":"https:\/\/caritasrosario.com.ar\/inicio\/organizacion\/","og_site_name":"Caritas Rosario","article_modified_time":"2021-05-04T19:44:51+00:00","twitter_card":"summary_large_image","twitter_misc":{"Tiempo de lectura":"1 minuto"},"schema":{"@context":"https:\/\/schema.org","@graph":[{"@type":"WebPage","@id":"https:\/\/caritasrosario.com.ar\/inicio\/organizacion\/","url":"https:\/\/caritasrosario.com.ar\/inicio\/organizacion\/","name":"ORGANIZACI\u00d3N - Caritas Rosario","isPartOf":{"@id":"https:\/\/caritasrosario.com.ar\/inicio\/#website"},"datePublished":"2021-05-04T19:43:32+00:00","dateModified":"2021-05-04T19:44:51+00:00","breadcrumb":{"@id":"https:\/\/caritasrosario.com.ar\/inicio\/organizacion\/#breadcrumb"},"inLanguage":"es","potentialAction":[{"@type":"ReadAction","target":["https:\/\/caritasrosario.com.ar\/inicio\/organizacion\/"]}]},{"@type":"BreadcrumbList","@id":"https:\/\/caritasrosario.com.ar\/inicio\/organizacion\/#breadcrumb","itemListElement":[{"@type":"ListItem","position":1,"name":"Portada","item":"https:\/\/caritasrosario.com.ar\/inicio\/"},{"@type":"ListItem","position":2,"name":"ORGANIZACI\u00d3N"}]},{"@type":"WebSite","@id":"https:\/\/caritasrosario.com.ar\/inicio\/#website","url":"https:\/\/caritasrosario.com.ar\/inicio\/","name":"Caritas Rosario","description":"Bienvenidos","publisher":{"@id":"https:\/\/caritasrosario.com.ar\/inicio\/#organization"},"potentialAction":[{"@type":"SearchAction","target":{"@type":"EntryPoint","urlTemplate":"https:\/\/caritasrosario.com.ar\/inicio\/?s={search_term_string}"},"query-input":{"@type":"PropertyValueSpecification","valueRequired":true,"valueName":"search_term_string"}}],"inLanguage":"es"},{"@type":"Organization","@id":"https:\/\/caritasrosario.com.ar\/inicio\/#organization","name":"Caritas Rosario","url":"https:\/\/caritasrosario.com.ar\/inicio\/","logo":{"@type":"ImageObject","inLanguage":"es","@id":"https:\/\/caritasrosario.com.ar\/inicio\/#\/schema\/logo\/image\/","url":"https:\/\/caritasrosario.com.ar\/inicio\/wp-content\/uploads\/2021\/04\/cropped-cropped-caritas.png","contentUrl":"https:\/\/caritasrosario.com.ar\/inicio\/wp-content\/uploads\/2021\/04\/cropped-cropped-caritas.png","width":166,"height":199,"caption":"Caritas Rosario"},"image":{"@id":"https:\/\/caritasrosario.com.ar\/inicio\/#\/schema\/logo\/image\/"}}]}},"_links":{"self":[{"href":"https:\/\/caritasrosario.com.ar\/inicio\/wp-json\/wp\/v2\/pages\/14334","targetHints":{"allow":["GET"]}}],"collection":[{"href":"https:\/\/caritasrosario.com.ar\/inicio\/wp-json\/wp\/v2\/pages"}],"about":[{"href":"https:\/\/caritasrosario.com.ar\/inicio\/wp-json\/wp\/v2\/types\/page"}],"author":[{"embeddable":true,"href":"https:\/\/caritasrosario.com.ar\/inicio\/wp-json\/wp\/v2\/users\/2"}],"replies":[{"embeddable":true,"href":"https:\/\/caritasrosario.com.ar\/inicio\/wp-json\/wp\/v2\/comments?post=14334"}],"version-history":[{"count":5,"href":"https:\/\/caritasrosario.com.ar\/inicio\/wp-json\/wp\/v2\/pages\/14334\/revisions"}],"predecessor-version":[{"id":14345,"href":"https:\/\/caritasrosario.com.ar\/inicio\/wp-json\/wp\/v2\/pages\/14334\/revisions\/14345"}],"wp:attachment":[{"href":"https:\/\/caritasrosario.com.ar\/inicio\/wp-json\/wp\/v2\/media?parent=14334"}],"curies":[{"name":"wp","href":"https:\/\/api.w.org\/{rel}","templated":true}]}}