{"id":14355,"date":"2021-05-04T19:59:23","date_gmt":"2021-05-04T19:59:23","guid":{"rendered":"https:\/\/caritasrosario.com.ar\/inicio\/?page_id=14355"},"modified":"2021-05-04T20:01:38","modified_gmt":"2021-05-04T20:01:38","slug":"pastoral-caritativa","status":"publish","type":"page","link":"https:\/\/caritasrosario.com.ar\/inicio\/pastoral-caritativa\/","title":{"rendered":"PASTORAL CARITATIVA"},"content":{"rendered":"\t\t<div data-elementor-type=\"wp-page\" data-elementor-id=\"14355\" class=\"elementor elementor-14355\">\n\t\t\t\t\t\t<section class=\"elementor-section elementor-top-section elementor-element elementor-element-aeaf1b4 elementor-section-boxed elementor-section-height-default elementor-section-height-default\" data-id=\"aeaf1b4\" data-element_type=\"section\">\n\t\t\t\t\t\t<div class=\"elementor-container elementor-column-gap-default\">\n\t\t\t\t\t<div class=\"elementor-column elementor-col-100 elementor-top-column elementor-element elementor-element-c1c9590\" data-id=\"c1c9590\" data-element_type=\"column\">\n\t\t\t<div class=\"elementor-widget-wrap elementor-element-populated\">\n\t\t\t\t\t\t<div class=\"elementor-element elementor-element-6eee000 elementor-widget elementor-widget-text-editor\" data-id=\"6eee000\" data-element_type=\"widget\" data-widget_type=\"text-editor.default\">\n\t\t\t\t<div class=\"elementor-widget-container\">\n\t\t\t\t\t\t\t\t\t<h3 class=\"p1\"><strong>La Acci\u00f3n Pastoral Caritativa<\/strong><\/h3><p class=\"p1\">C\u00e1ritas es amor en obras: nuestro servicio y nuestras acciones se inspiran en el amor a Dios y al pr\u00f3jimo.<\/p><p class=\"p1\">Buscando la verdadera dignificaci\u00f3n del hombre, C\u00e1ritas se centra en tres momentos claves para llevar adelante su misi\u00f3n:<\/p><p class=\"p1\"><strong>Asistencia:<\/strong> Forma de animar la caridad que consiste en dar respuestas a las necesidades m\u00ednimas o situaciones de emergencia de las comunidades m\u00e1s pobres.<\/p><p class=\"p1\">El desaf\u00edo es no solamente dar de comer o abrigar sino acompa\u00f1ar a las familias y ser puerta de entrada para escuchar, contener, organizar y planificar tareas que estimulen la promoci\u00f3n humana.<\/p><p class=\"p1\"><strong>Promoci\u00f3n humana:<\/strong> Busca modificar, mejorar y suscitar cambios que mejoren las condiciones de vida de los m\u00e1s pobres. Requiere incorporar a las personas en la b\u00fasqueda de soluciones a sus problemas junto con otros.<\/p><p class=\"p1\">Este momento es menos inmediato en sus efectos pero m\u00e1s durable, lo que requiere un trabajo desde la planificaci\u00f3n con la persona y la comunidad. Se debe propiciar un proceso de desarrollo humano integral que fomente el desarrollo conjunto de cualidades, capacidades, posibilidades y recursos de las personas, para que puedan actuar de manera aut\u00f3noma y comprometida y ser protagonistas activos en la construcci\u00f3n del bien com\u00fan de la comunidad a la que pertenecen.<\/p><p class=\"p1\">Por ello son tareas fundamentales y complementarias la formaci\u00f3n, la organizaci\u00f3n y la promoci\u00f3n comunitaria.<\/p><p class=\"p1\">Caridad transformadora: La Iglesia desde la b\u00fasqueda de un mundo de hermanos, apunta a transformar las estructuras injustas de pecado y producir cambios en toda la sociedad para acercarnos al Proyecto de Dios.<\/p><p class=\"p1\">Promover la animaci\u00f3n de la caridad transformadora es impulsar la reflexi\u00f3n y la formaci\u00f3n de la conciencia social, acompa\u00f1ando acciones que permitan para pasar de habitantes a ciudadanos.<\/p><h3><strong>Misi\u00f3n<\/strong><\/h3><p class=\"p1\">C\u00e1ritas Argentina es el organismo que anima, coordina y organiza la pastoral caritativa de la Iglesia procurando generar y dar respuestas integrales a las problem\u00e1ticas de la pobreza desde los valores de la dignidad, la justicia y la solidaridad.<\/p><p class=\"p1\"><strong>Busca promover:<\/strong><\/p><p class=\"p1\">el esfuerzo de los m\u00e1s pobres como protagonistas activos de su propio desarrollo personal, familiar y comunitario.<\/p><p class=\"p1\">el sentido comunitario, para que todos asumamos los deberes de justicia y caridad en la soluci\u00f3n de los problemas de los necesitados.<\/p><p class=\"p1\">la formaci\u00f3n integral de quienes colaboran a fin de lograr la mayor eficacia y compromiso en su acci\u00f3n de servicio en la caridad.<\/p><p class=\"p1\">La Pastoral Caritativa lleva adelante la evangelizaci\u00f3n de las relaciones sociales como una de las dimensiones esenciales de la pastoral org\u00e1nica de la Iglesia, por tal motivo procura generar y promover conciencia solidaria invitando a la sociedad toda a encontrarse en la acci\u00f3n de compartir y as\u00ed construir una realidad m\u00e1s justa.<\/p><h3 class=\"p1\">Visi\u00f3n<\/h3><p class=\"p1\">La visi\u00f3n de C\u00e1ritas es un mundo que es reflejo del Reino de Dios:<\/p><p class=\"p1\">Donde prevalecen la justicia, la paz, la libertad y la solidaridad;<\/p><p class=\"p1\">En el que la dignidad de la persona humana, hecha a imagen de Dios, es lo m\u00e1s importante;<\/p><p class=\"p1\">Donde no existe exclusi\u00f3n, discriminaci\u00f3n, ni pobreza que deshumanicen;<\/p><p class=\"p1\">Donde los bienes de la Tierra son compartidos entre todos;<\/p><p class=\"p1\">Donde se respeta y cuida todo lo creado, por el bien com\u00fan de las generaciones futuras;<\/p><p class=\"p1\">En el que todas las personas, sobre todo las m\u00e1s pobres, marginadas y oprimidas, como parte de la comunidad mundial, tienen esperanza y est\u00e1n habilitadas<span class=\"Apple-converted-space\">\u00a0 <\/span>a llegar a la plenitud de su humanidad.<\/p>\t\t\t\t\t\t\t\t<\/div>\n\t\t\t\t<\/div>\n\t\t\t\t\t<\/div>\n\t\t<\/div>\n\t\t\t\t\t<\/div>\n\t\t<\/section>\n\t\t\t\t<\/div>\n\t\t","protected":false},"excerpt":{"rendered":"<p>La Acci\u00f3n Pastoral Caritativa C\u00e1ritas es amor en obras: nuestro servicio y nuestras acciones se inspiran en el amor a Dios y al pr\u00f3jimo. Buscando la verdadera dignificaci\u00f3n del hombre, C\u00e1ritas se centra en tres momentos claves para llevar adelante su misi\u00f3n: Asistencia: Forma de animar la caridad que consiste en dar respuestas a las&#8230;<\/p>\n","protected":false},"author":2,"featured_media":0,"parent":0,"menu_order":0,"comment_status":"closed","ping_status":"closed","template":"","meta":{"footnotes":""},"class_list":["post-14355","page","type-page","status-publish","hentry"],"yoast_head":"<!-- This site is optimized with the Yoast SEO plugin v27.4 - https:\/\/yoast.com\/product\/yoast-seo-wordpress\/ -->\n<title>PASTORAL CARITATIVA - Caritas Rosario<\/title>\n<meta name=\"robots\" content=\"index, follow, max-snippet:-1, max-image-preview:large, max-video-preview:-1\" \/>\n<link rel=\"canonical\" href=\"https:\/\/caritasrosario.com.ar\/inicio\/pastoral-caritativa\/\" \/>\n<meta property=\"og:locale\" content=\"es_ES\" \/>\n<meta property=\"og:type\" content=\"article\" \/>\n<meta property=\"og:title\" content=\"PASTORAL CARITATIVA - Caritas Rosario\" \/>\n<meta property=\"og:description\" content=\"La Acci\u00f3n Pastoral Caritativa C\u00e1ritas es amor en obras: nuestro servicio y nuestras acciones se inspiran en el amor a Dios y al pr\u00f3jimo. Buscando la verdadera dignificaci\u00f3n del hombre, C\u00e1ritas se centra en tres momentos claves para llevar adelante su misi\u00f3n: Asistencia: Forma de animar la caridad que consiste en dar respuestas a las...\" \/>\n<meta property=\"og:url\" content=\"https:\/\/caritasrosario.com.ar\/inicio\/pastoral-caritativa\/\" \/>\n<meta property=\"og:site_name\" content=\"Caritas Rosario\" \/>\n<meta property=\"article:modified_time\" content=\"2021-05-04T20:01:38+00:00\" \/>\n<meta name=\"twitter:card\" content=\"summary_large_image\" \/>\n<meta name=\"twitter:label1\" content=\"Tiempo de lectura\" \/>\n\t<meta name=\"twitter:data1\" content=\"3 minutos\" \/>\n<script type=\"application\/ld+json\" class=\"yoast-schema-graph\">{\"@context\":\"https:\\\/\\\/schema.org\",\"@graph\":[{\"@type\":\"WebPage\",\"@id\":\"https:\\\/\\\/caritasrosario.com.ar\\\/inicio\\\/pastoral-caritativa\\\/\",\"url\":\"https:\\\/\\\/caritasrosario.com.ar\\\/inicio\\\/pastoral-caritativa\\\/\",\"name\":\"PASTORAL CARITATIVA - Caritas Rosario\",\"isPartOf\":{\"@id\":\"https:\\\/\\\/caritasrosario.com.ar\\\/inicio\\\/#website\"},\"datePublished\":\"2021-05-04T19:59:23+00:00\",\"dateModified\":\"2021-05-04T20:01:38+00:00\",\"breadcrumb\":{\"@id\":\"https:\\\/\\\/caritasrosario.com.ar\\\/inicio\\\/pastoral-caritativa\\\/#breadcrumb\"},\"inLanguage\":\"es\",\"potentialAction\":[{\"@type\":\"ReadAction\",\"target\":[\"https:\\\/\\\/caritasrosario.com.ar\\\/inicio\\\/pastoral-caritativa\\\/\"]}]},{\"@type\":\"BreadcrumbList\",\"@id\":\"https:\\\/\\\/caritasrosario.com.ar\\\/inicio\\\/pastoral-caritativa\\\/#breadcrumb\",\"itemListElement\":[{\"@type\":\"ListItem\",\"position\":1,\"name\":\"Portada\",\"item\":\"https:\\\/\\\/caritasrosario.com.ar\\\/inicio\\\/\"},{\"@type\":\"ListItem\",\"position\":2,\"name\":\"PASTORAL CARITATIVA\"}]},{\"@type\":\"WebSite\",\"@id\":\"https:\\\/\\\/caritasrosario.com.ar\\\/inicio\\\/#website\",\"url\":\"https:\\\/\\\/caritasrosario.com.ar\\\/inicio\\\/\",\"name\":\"Caritas Rosario\",\"description\":\"Bienvenidos\",\"publisher\":{\"@id\":\"https:\\\/\\\/caritasrosario.com.ar\\\/inicio\\\/#organization\"},\"potentialAction\":[{\"@type\":\"SearchAction\",\"target\":{\"@type\":\"EntryPoint\",\"urlTemplate\":\"https:\\\/\\\/caritasrosario.com.ar\\\/inicio\\\/?s={search_term_string}\"},\"query-input\":{\"@type\":\"PropertyValueSpecification\",\"valueRequired\":true,\"valueName\":\"search_term_string\"}}],\"inLanguage\":\"es\"},{\"@type\":\"Organization\",\"@id\":\"https:\\\/\\\/caritasrosario.com.ar\\\/inicio\\\/#organization\",\"name\":\"Caritas Rosario\",\"url\":\"https:\\\/\\\/caritasrosario.com.ar\\\/inicio\\\/\",\"logo\":{\"@type\":\"ImageObject\",\"inLanguage\":\"es\",\"@id\":\"https:\\\/\\\/caritasrosario.com.ar\\\/inicio\\\/#\\\/schema\\\/logo\\\/image\\\/\",\"url\":\"https:\\\/\\\/caritasrosario.com.ar\\\/inicio\\\/wp-content\\\/uploads\\\/2021\\\/04\\\/cropped-cropped-caritas.png\",\"contentUrl\":\"https:\\\/\\\/caritasrosario.com.ar\\\/inicio\\\/wp-content\\\/uploads\\\/2021\\\/04\\\/cropped-cropped-caritas.png\",\"width\":166,\"height\":199,\"caption\":\"Caritas Rosario\"},\"image\":{\"@id\":\"https:\\\/\\\/caritasrosario.com.ar\\\/inicio\\\/#\\\/schema\\\/logo\\\/image\\\/\"}}]}<\/script>\n<!-- \/ Yoast SEO plugin. -->","yoast_head_json":{"title":"PASTORAL CARITATIVA - Caritas Rosario","robots":{"index":"index","follow":"follow","max-snippet":"max-snippet:-1","max-image-preview":"max-image-preview:large","max-video-preview":"max-video-preview:-1"},"canonical":"https:\/\/caritasrosario.com.ar\/inicio\/pastoral-caritativa\/","og_locale":"es_ES","og_type":"article","og_title":"PASTORAL CARITATIVA - Caritas Rosario","og_description":"La Acci\u00f3n Pastoral Caritativa C\u00e1ritas es amor en obras: nuestro servicio y nuestras acciones se inspiran en el amor a Dios y al pr\u00f3jimo. Buscando la verdadera dignificaci\u00f3n del hombre, C\u00e1ritas se centra en tres momentos claves para llevar adelante su misi\u00f3n: Asistencia: Forma de animar la caridad que consiste en dar respuestas a las...","og_url":"https:\/\/caritasrosario.com.ar\/inicio\/pastoral-caritativa\/","og_site_name":"Caritas Rosario","article_modified_time":"2021-05-04T20:01:38+00:00","twitter_card":"summary_large_image","twitter_misc":{"Tiempo de lectura":"3 minutos"},"schema":{"@context":"https:\/\/schema.org","@graph":[{"@type":"WebPage","@id":"https:\/\/caritasrosario.com.ar\/inicio\/pastoral-caritativa\/","url":"https:\/\/caritasrosario.com.ar\/inicio\/pastoral-caritativa\/","name":"PASTORAL CARITATIVA - Caritas Rosario","isPartOf":{"@id":"https:\/\/caritasrosario.com.ar\/inicio\/#website"},"datePublished":"2021-05-04T19:59:23+00:00","dateModified":"2021-05-04T20:01:38+00:00","breadcrumb":{"@id":"https:\/\/caritasrosario.com.ar\/inicio\/pastoral-caritativa\/#breadcrumb"},"inLanguage":"es","potentialAction":[{"@type":"ReadAction","target":["https:\/\/caritasrosario.com.ar\/inicio\/pastoral-caritativa\/"]}]},{"@type":"BreadcrumbList","@id":"https:\/\/caritasrosario.com.ar\/inicio\/pastoral-caritativa\/#breadcrumb","itemListElement":[{"@type":"ListItem","position":1,"name":"Portada","item":"https:\/\/caritasrosario.com.ar\/inicio\/"},{"@type":"ListItem","position":2,"name":"PASTORAL CARITATIVA"}]},{"@type":"WebSite","@id":"https:\/\/caritasrosario.com.ar\/inicio\/#website","url":"https:\/\/caritasrosario.com.ar\/inicio\/","name":"Caritas Rosario","description":"Bienvenidos","publisher":{"@id":"https:\/\/caritasrosario.com.ar\/inicio\/#organization"},"potentialAction":[{"@type":"SearchAction","target":{"@type":"EntryPoint","urlTemplate":"https:\/\/caritasrosario.com.ar\/inicio\/?s={search_term_string}"},"query-input":{"@type":"PropertyValueSpecification","valueRequired":true,"valueName":"search_term_string"}}],"inLanguage":"es"},{"@type":"Organization","@id":"https:\/\/caritasrosario.com.ar\/inicio\/#organization","name":"Caritas Rosario","url":"https:\/\/caritasrosario.com.ar\/inicio\/","logo":{"@type":"ImageObject","inLanguage":"es","@id":"https:\/\/caritasrosario.com.ar\/inicio\/#\/schema\/logo\/image\/","url":"https:\/\/caritasrosario.com.ar\/inicio\/wp-content\/uploads\/2021\/04\/cropped-cropped-caritas.png","contentUrl":"https:\/\/caritasrosario.com.ar\/inicio\/wp-content\/uploads\/2021\/04\/cropped-cropped-caritas.png","width":166,"height":199,"caption":"Caritas Rosario"},"image":{"@id":"https:\/\/caritasrosario.com.ar\/inicio\/#\/schema\/logo\/image\/"}}]}},"_links":{"self":[{"href":"https:\/\/caritasrosario.com.ar\/inicio\/wp-json\/wp\/v2\/pages\/14355","targetHints":{"allow":["GET"]}}],"collection":[{"href":"https:\/\/caritasrosario.com.ar\/inicio\/wp-json\/wp\/v2\/pages"}],"about":[{"href":"https:\/\/caritasrosario.com.ar\/inicio\/wp-json\/wp\/v2\/types\/page"}],"author":[{"embeddable":true,"href":"https:\/\/caritasrosario.com.ar\/inicio\/wp-json\/wp\/v2\/users\/2"}],"replies":[{"embeddable":true,"href":"https:\/\/caritasrosario.com.ar\/inicio\/wp-json\/wp\/v2\/comments?post=14355"}],"version-history":[{"count":5,"href":"https:\/\/caritasrosario.com.ar\/inicio\/wp-json\/wp\/v2\/pages\/14355\/revisions"}],"predecessor-version":[{"id":14363,"href":"https:\/\/caritasrosario.com.ar\/inicio\/wp-json\/wp\/v2\/pages\/14355\/revisions\/14363"}],"wp:attachment":[{"href":"https:\/\/caritasrosario.com.ar\/inicio\/wp-json\/wp\/v2\/media?parent=14355"}],"curies":[{"name":"wp","href":"https:\/\/api.w.org\/{rel}","templated":true}]}}