{"id":15269,"date":"2023-05-15T13:31:50","date_gmt":"2023-05-15T13:31:50","guid":{"rendered":"https:\/\/caritasrosario.com.ar\/inicio\/?page_id=15269"},"modified":"2023-05-15T13:32:05","modified_gmt":"2023-05-15T13:32:05","slug":"lanzamiento-de-la-colecta-anual-de-caritas","status":"publish","type":"page","link":"https:\/\/caritasrosario.com.ar\/inicio\/lanzamiento-de-la-colecta-anual-de-caritas\/","title":{"rendered":"LANZAMIENTO DE LA COLECTA ANUAL DE C\u00c1RITAS"},"content":{"rendered":"\t\t<div data-elementor-type=\"wp-page\" data-elementor-id=\"15269\" class=\"elementor elementor-15269\">\n\t\t\t\t\t\t<section class=\"elementor-section elementor-top-section elementor-element elementor-element-6e2970f elementor-section-boxed elementor-section-height-default elementor-section-height-default\" data-id=\"6e2970f\" data-element_type=\"section\">\n\t\t\t\t\t\t<div class=\"elementor-container elementor-column-gap-default\">\n\t\t\t\t\t<div class=\"elementor-column elementor-col-100 elementor-top-column elementor-element elementor-element-c0f0d26\" data-id=\"c0f0d26\" data-element_type=\"column\">\n\t\t\t<div class=\"elementor-widget-wrap elementor-element-populated\">\n\t\t\t\t\t\t<div class=\"elementor-element elementor-element-f22dceb elementor-widget elementor-widget-text-editor\" data-id=\"f22dceb\" data-element_type=\"widget\" data-widget_type=\"text-editor.default\">\n\t\t\t\t<div class=\"elementor-widget-container\">\n\t\t\t\t\t\t\t\t\t<p>MI\u00c9RCOLES 24 de mayo &#8211; Lanzamiento de la Colecta Anual de C\u00e1ritas<br \/>\u261110.00 hs Peregrinaci\u00f3n desde nuestra sede (Balcarce 1077) hasta la Catedral<br \/>\u261111.45 hs Santa Misa en la Bas\u00edlica Catedral &#8220;Nuestra Se\u00f1ora del Rosario&#8221;<br \/>Invitamos a los Voluntarios a sumarse!!<\/p><p>En este A\u00f1o Mariano Arquidiocesano encomendaremos a la Virgen del Rosario todas las acciones y frutos de esta nueva Colecta Anual<\/p><p>&#8220;Queremos ser Iglesia, <br \/>una Iglesia que expresa en obras<br \/>el amor que Jes\u00fas predic\u00f3<br \/>asumiendo el compromiso por la justicia y la dignidad humana&#8230;&#8221;<\/p>\t\t\t\t\t\t\t\t<\/div>\n\t\t\t\t<\/div>\n\t\t\t\t\t<\/div>\n\t\t<\/div>\n\t\t\t\t\t<\/div>\n\t\t<\/section>\n\t\t\t\t<\/div>\n\t\t","protected":false},"excerpt":{"rendered":"<p>MI\u00c9RCOLES 24 de mayo &#8211; Lanzamiento de la Colecta Anual de C\u00e1ritas&#x2611;10.00 hs Peregrinaci\u00f3n desde nuestra sede (Balcarce 1077) hasta la Catedral&#x2611;11.45 hs Santa Misa en la Bas\u00edlica Catedral &#8220;Nuestra Se\u00f1ora del Rosario&#8221;Invitamos a los Voluntarios a sumarse!! En este A\u00f1o Mariano Arquidiocesano encomendaremos a la Virgen del Rosario todas las acciones y frutos de&#8230;<\/p>\n","protected":false},"author":4,"featured_media":15271,"parent":0,"menu_order":0,"comment_status":"closed","ping_status":"closed","template":"","meta":{"footnotes":""},"class_list":["post-15269","page","type-page","status-publish","has-post-thumbnail","hentry"],"yoast_head":"<!-- This site is optimized with the Yoast SEO plugin v27.3 - https:\/\/yoast.com\/product\/yoast-seo-wordpress\/ -->\n<title>LANZAMIENTO DE LA COLECTA ANUAL DE C\u00c1RITAS - Caritas Rosario<\/title>\n<meta name=\"robots\" content=\"index, follow, max-snippet:-1, max-image-preview:large, max-video-preview:-1\" \/>\n<link rel=\"canonical\" href=\"https:\/\/caritasrosario.com.ar\/inicio\/lanzamiento-de-la-colecta-anual-de-caritas\/\" \/>\n<meta property=\"og:locale\" content=\"es_ES\" \/>\n<meta property=\"og:type\" content=\"article\" \/>\n<meta property=\"og:title\" content=\"LANZAMIENTO DE LA COLECTA ANUAL DE C\u00c1RITAS - Caritas Rosario\" \/>\n<meta property=\"og:description\" content=\"MI\u00c9RCOLES 24 de mayo &#8211; Lanzamiento de la Colecta Anual de C\u00e1ritas&#x2611;10.00 hs Peregrinaci\u00f3n desde nuestra sede (Balcarce 1077) hasta la Catedral&#x2611;11.45 hs Santa Misa en la Bas\u00edlica Catedral &#8220;Nuestra Se\u00f1ora del Rosario&#8221;Invitamos a los Voluntarios a sumarse!! En este A\u00f1o Mariano Arquidiocesano encomendaremos a la Virgen del Rosario todas las acciones y frutos de...\" \/>\n<meta property=\"og:url\" content=\"https:\/\/caritasrosario.com.ar\/inicio\/lanzamiento-de-la-colecta-anual-de-caritas\/\" \/>\n<meta property=\"og:site_name\" content=\"Caritas Rosario\" \/>\n<meta property=\"article:modified_time\" content=\"2023-05-15T13:32:05+00:00\" \/>\n<meta property=\"og:image\" content=\"https:\/\/caritasrosario.com.ar\/inicio\/wp-content\/uploads\/2023\/05\/lanzamiento-24-05.png\" \/>\n\t<meta property=\"og:image:width\" content=\"940\" \/>\n\t<meta property=\"og:image:height\" content=\"788\" \/>\n\t<meta property=\"og:image:type\" content=\"image\/png\" \/>\n<meta name=\"twitter:card\" content=\"summary_large_image\" \/>\n<script type=\"application\/ld+json\" class=\"yoast-schema-graph\">{\"@context\":\"https:\\\/\\\/schema.org\",\"@graph\":[{\"@type\":\"WebPage\",\"@id\":\"https:\\\/\\\/caritasrosario.com.ar\\\/inicio\\\/lanzamiento-de-la-colecta-anual-de-caritas\\\/\",\"url\":\"https:\\\/\\\/caritasrosario.com.ar\\\/inicio\\\/lanzamiento-de-la-colecta-anual-de-caritas\\\/\",\"name\":\"LANZAMIENTO DE LA COLECTA ANUAL DE C\u00c1RITAS - Caritas Rosario\",\"isPartOf\":{\"@id\":\"https:\\\/\\\/caritasrosario.com.ar\\\/inicio\\\/#website\"},\"primaryImageOfPage\":{\"@id\":\"https:\\\/\\\/caritasrosario.com.ar\\\/inicio\\\/lanzamiento-de-la-colecta-anual-de-caritas\\\/#primaryimage\"},\"image\":{\"@id\":\"https:\\\/\\\/caritasrosario.com.ar\\\/inicio\\\/lanzamiento-de-la-colecta-anual-de-caritas\\\/#primaryimage\"},\"thumbnailUrl\":\"https:\\\/\\\/caritasrosario.com.ar\\\/inicio\\\/wp-content\\\/uploads\\\/2023\\\/05\\\/lanzamiento-24-05.png\",\"datePublished\":\"2023-05-15T13:31:50+00:00\",\"dateModified\":\"2023-05-15T13:32:05+00:00\",\"breadcrumb\":{\"@id\":\"https:\\\/\\\/caritasrosario.com.ar\\\/inicio\\\/lanzamiento-de-la-colecta-anual-de-caritas\\\/#breadcrumb\"},\"inLanguage\":\"es\",\"potentialAction\":[{\"@type\":\"ReadAction\",\"target\":[\"https:\\\/\\\/caritasrosario.com.ar\\\/inicio\\\/lanzamiento-de-la-colecta-anual-de-caritas\\\/\"]}]},{\"@type\":\"ImageObject\",\"inLanguage\":\"es\",\"@id\":\"https:\\\/\\\/caritasrosario.com.ar\\\/inicio\\\/lanzamiento-de-la-colecta-anual-de-caritas\\\/#primaryimage\",\"url\":\"https:\\\/\\\/caritasrosario.com.ar\\\/inicio\\\/wp-content\\\/uploads\\\/2023\\\/05\\\/lanzamiento-24-05.png\",\"contentUrl\":\"https:\\\/\\\/caritasrosario.com.ar\\\/inicio\\\/wp-content\\\/uploads\\\/2023\\\/05\\\/lanzamiento-24-05.png\",\"width\":940,\"height\":788},{\"@type\":\"BreadcrumbList\",\"@id\":\"https:\\\/\\\/caritasrosario.com.ar\\\/inicio\\\/lanzamiento-de-la-colecta-anual-de-caritas\\\/#breadcrumb\",\"itemListElement\":[{\"@type\":\"ListItem\",\"position\":1,\"name\":\"Portada\",\"item\":\"https:\\\/\\\/caritasrosario.com.ar\\\/inicio\\\/\"},{\"@type\":\"ListItem\",\"position\":2,\"name\":\"LANZAMIENTO DE LA COLECTA ANUAL DE C\u00c1RITAS\"}]},{\"@type\":\"WebSite\",\"@id\":\"https:\\\/\\\/caritasrosario.com.ar\\\/inicio\\\/#website\",\"url\":\"https:\\\/\\\/caritasrosario.com.ar\\\/inicio\\\/\",\"name\":\"Caritas Rosario\",\"description\":\"Bienvenidos\",\"publisher\":{\"@id\":\"https:\\\/\\\/caritasrosario.com.ar\\\/inicio\\\/#organization\"},\"potentialAction\":[{\"@type\":\"SearchAction\",\"target\":{\"@type\":\"EntryPoint\",\"urlTemplate\":\"https:\\\/\\\/caritasrosario.com.ar\\\/inicio\\\/?s={search_term_string}\"},\"query-input\":{\"@type\":\"PropertyValueSpecification\",\"valueRequired\":true,\"valueName\":\"search_term_string\"}}],\"inLanguage\":\"es\"},{\"@type\":\"Organization\",\"@id\":\"https:\\\/\\\/caritasrosario.com.ar\\\/inicio\\\/#organization\",\"name\":\"Caritas Rosario\",\"url\":\"https:\\\/\\\/caritasrosario.com.ar\\\/inicio\\\/\",\"logo\":{\"@type\":\"ImageObject\",\"inLanguage\":\"es\",\"@id\":\"https:\\\/\\\/caritasrosario.com.ar\\\/inicio\\\/#\\\/schema\\\/logo\\\/image\\\/\",\"url\":\"https:\\\/\\\/caritasrosario.com.ar\\\/inicio\\\/wp-content\\\/uploads\\\/2021\\\/04\\\/cropped-cropped-caritas.png\",\"contentUrl\":\"https:\\\/\\\/caritasrosario.com.ar\\\/inicio\\\/wp-content\\\/uploads\\\/2021\\\/04\\\/cropped-cropped-caritas.png\",\"width\":166,\"height\":199,\"caption\":\"Caritas Rosario\"},\"image\":{\"@id\":\"https:\\\/\\\/caritasrosario.com.ar\\\/inicio\\\/#\\\/schema\\\/logo\\\/image\\\/\"}}]}<\/script>\n<!-- \/ Yoast SEO plugin. -->","yoast_head_json":{"title":"LANZAMIENTO DE LA COLECTA ANUAL DE C\u00c1RITAS - Caritas Rosario","robots":{"index":"index","follow":"follow","max-snippet":"max-snippet:-1","max-image-preview":"max-image-preview:large","max-video-preview":"max-video-preview:-1"},"canonical":"https:\/\/caritasrosario.com.ar\/inicio\/lanzamiento-de-la-colecta-anual-de-caritas\/","og_locale":"es_ES","og_type":"article","og_title":"LANZAMIENTO DE LA COLECTA ANUAL DE C\u00c1RITAS - Caritas Rosario","og_description":"MI\u00c9RCOLES 24 de mayo &#8211; Lanzamiento de la Colecta Anual de C\u00e1ritas&#x2611;10.00 hs Peregrinaci\u00f3n desde nuestra sede (Balcarce 1077) hasta la Catedral&#x2611;11.45 hs Santa Misa en la Bas\u00edlica Catedral &#8220;Nuestra Se\u00f1ora del Rosario&#8221;Invitamos a los Voluntarios a sumarse!! En este A\u00f1o Mariano Arquidiocesano encomendaremos a la Virgen del Rosario todas las acciones y frutos de...","og_url":"https:\/\/caritasrosario.com.ar\/inicio\/lanzamiento-de-la-colecta-anual-de-caritas\/","og_site_name":"Caritas Rosario","article_modified_time":"2023-05-15T13:32:05+00:00","og_image":[{"width":940,"height":788,"url":"https:\/\/caritasrosario.com.ar\/inicio\/wp-content\/uploads\/2023\/05\/lanzamiento-24-05.png","type":"image\/png"}],"twitter_card":"summary_large_image","schema":{"@context":"https:\/\/schema.org","@graph":[{"@type":"WebPage","@id":"https:\/\/caritasrosario.com.ar\/inicio\/lanzamiento-de-la-colecta-anual-de-caritas\/","url":"https:\/\/caritasrosario.com.ar\/inicio\/lanzamiento-de-la-colecta-anual-de-caritas\/","name":"LANZAMIENTO DE LA COLECTA ANUAL DE C\u00c1RITAS - Caritas Rosario","isPartOf":{"@id":"https:\/\/caritasrosario.com.ar\/inicio\/#website"},"primaryImageOfPage":{"@id":"https:\/\/caritasrosario.com.ar\/inicio\/lanzamiento-de-la-colecta-anual-de-caritas\/#primaryimage"},"image":{"@id":"https:\/\/caritasrosario.com.ar\/inicio\/lanzamiento-de-la-colecta-anual-de-caritas\/#primaryimage"},"thumbnailUrl":"https:\/\/caritasrosario.com.ar\/inicio\/wp-content\/uploads\/2023\/05\/lanzamiento-24-05.png","datePublished":"2023-05-15T13:31:50+00:00","dateModified":"2023-05-15T13:32:05+00:00","breadcrumb":{"@id":"https:\/\/caritasrosario.com.ar\/inicio\/lanzamiento-de-la-colecta-anual-de-caritas\/#breadcrumb"},"inLanguage":"es","potentialAction":[{"@type":"ReadAction","target":["https:\/\/caritasrosario.com.ar\/inicio\/lanzamiento-de-la-colecta-anual-de-caritas\/"]}]},{"@type":"ImageObject","inLanguage":"es","@id":"https:\/\/caritasrosario.com.ar\/inicio\/lanzamiento-de-la-colecta-anual-de-caritas\/#primaryimage","url":"https:\/\/caritasrosario.com.ar\/inicio\/wp-content\/uploads\/2023\/05\/lanzamiento-24-05.png","contentUrl":"https:\/\/caritasrosario.com.ar\/inicio\/wp-content\/uploads\/2023\/05\/lanzamiento-24-05.png","width":940,"height":788},{"@type":"BreadcrumbList","@id":"https:\/\/caritasrosario.com.ar\/inicio\/lanzamiento-de-la-colecta-anual-de-caritas\/#breadcrumb","itemListElement":[{"@type":"ListItem","position":1,"name":"Portada","item":"https:\/\/caritasrosario.com.ar\/inicio\/"},{"@type":"ListItem","position":2,"name":"LANZAMIENTO DE LA COLECTA ANUAL DE C\u00c1RITAS"}]},{"@type":"WebSite","@id":"https:\/\/caritasrosario.com.ar\/inicio\/#website","url":"https:\/\/caritasrosario.com.ar\/inicio\/","name":"Caritas Rosario","description":"Bienvenidos","publisher":{"@id":"https:\/\/caritasrosario.com.ar\/inicio\/#organization"},"potentialAction":[{"@type":"SearchAction","target":{"@type":"EntryPoint","urlTemplate":"https:\/\/caritasrosario.com.ar\/inicio\/?s={search_term_string}"},"query-input":{"@type":"PropertyValueSpecification","valueRequired":true,"valueName":"search_term_string"}}],"inLanguage":"es"},{"@type":"Organization","@id":"https:\/\/caritasrosario.com.ar\/inicio\/#organization","name":"Caritas Rosario","url":"https:\/\/caritasrosario.com.ar\/inicio\/","logo":{"@type":"ImageObject","inLanguage":"es","@id":"https:\/\/caritasrosario.com.ar\/inicio\/#\/schema\/logo\/image\/","url":"https:\/\/caritasrosario.com.ar\/inicio\/wp-content\/uploads\/2021\/04\/cropped-cropped-caritas.png","contentUrl":"https:\/\/caritasrosario.com.ar\/inicio\/wp-content\/uploads\/2021\/04\/cropped-cropped-caritas.png","width":166,"height":199,"caption":"Caritas Rosario"},"image":{"@id":"https:\/\/caritasrosario.com.ar\/inicio\/#\/schema\/logo\/image\/"}}]}},"_links":{"self":[{"href":"https:\/\/caritasrosario.com.ar\/inicio\/wp-json\/wp\/v2\/pages\/15269","targetHints":{"allow":["GET"]}}],"collection":[{"href":"https:\/\/caritasrosario.com.ar\/inicio\/wp-json\/wp\/v2\/pages"}],"about":[{"href":"https:\/\/caritasrosario.com.ar\/inicio\/wp-json\/wp\/v2\/types\/page"}],"author":[{"embeddable":true,"href":"https:\/\/caritasrosario.com.ar\/inicio\/wp-json\/wp\/v2\/users\/4"}],"replies":[{"embeddable":true,"href":"https:\/\/caritasrosario.com.ar\/inicio\/wp-json\/wp\/v2\/comments?post=15269"}],"version-history":[{"count":5,"href":"https:\/\/caritasrosario.com.ar\/inicio\/wp-json\/wp\/v2\/pages\/15269\/revisions"}],"predecessor-version":[{"id":15383,"href":"https:\/\/caritasrosario.com.ar\/inicio\/wp-json\/wp\/v2\/pages\/15269\/revisions\/15383"}],"wp:featuredmedia":[{"embeddable":true,"href":"https:\/\/caritasrosario.com.ar\/inicio\/wp-json\/wp\/v2\/media\/15271"}],"wp:attachment":[{"href":"https:\/\/caritasrosario.com.ar\/inicio\/wp-json\/wp\/v2\/media?parent=15269"}],"curies":[{"name":"wp","href":"https:\/\/api.w.org\/{rel}","templated":true}]}}