{"id":7,"date":"2021-04-01T21:28:05","date_gmt":"2021-04-01T21:28:05","guid":{"rendered":"https:\/\/caritasrosario.com.ar\/inicio\/?page_id=7"},"modified":"2021-05-05T12:07:06","modified_gmt":"2021-05-05T12:07:06","slug":"que-hacemos","status":"publish","type":"page","link":"https:\/\/caritasrosario.com.ar\/inicio\/que-hacemos\/","title":{"rendered":"\u00bfQu\u00e9 hacemos?"},"content":{"rendered":"\t\t<div data-elementor-type=\"wp-page\" data-elementor-id=\"7\" class=\"elementor elementor-7\">\n\t\t\t\t\t\t<section class=\"elementor-section elementor-top-section elementor-element elementor-element-4cf417ff elementor-section-boxed elementor-section-height-default elementor-section-height-default\" data-id=\"4cf417ff\" data-element_type=\"section\">\n\t\t\t\t\t\t<div class=\"elementor-container elementor-column-gap-default\">\n\t\t\t\t\t<div class=\"elementor-column elementor-col-100 elementor-top-column elementor-element elementor-element-5607ae7c\" data-id=\"5607ae7c\" data-element_type=\"column\">\n\t\t\t<div class=\"elementor-widget-wrap elementor-element-populated\">\n\t\t\t\t\t\t<div class=\"elementor-element elementor-element-6cf1f37c elementor-widget elementor-widget-text-editor\" data-id=\"6cf1f37c\" data-element_type=\"widget\" data-widget_type=\"text-editor.default\">\n\t\t\t\t<div class=\"elementor-widget-container\">\n\t\t\t\t\t\t\t\t\t\n<p><span style=\"color: #0a103d;\">Los principales destinatarios de la misi\u00f3n de C\u00e1ritas son los m\u00e1s pobres y los excluidos, procurando que crezcan en dignidad y sean protagonistas de su propio desarrollo, personal y comunitario.<\/span><\/p>\n<p><span style=\"color: #0a103d;\"><\/span><\/p>\n<p><span style=\"color: #0a103d;\">C\u00e1ritas act\u00faa significativamente, es decir busca realizar acciones que sean eficaces, procurando incidir en la transformaci\u00f3n cultural del contexto en el que act\u00faa sin pretender reemplazar la acci\u00f3n de otras instituciones o del Estado en sus diferentes niveles.<\/span><\/p>\n<p><span style=\"color: #0a103d;\"><\/span><\/p>\n<p><span style=\"color: #0a103d;\">C\u00e1ritas es mucho m\u00e1s que la bolsa de alimentos, el ropero \u00a0o la alcanc\u00eda de la parroquia. \u00a0C\u00e1ritas es amor cercano que cuida, incluye y transforma la vida de las personas o comunidades en situaciones de pobreza, a trav\u00e9s de la ayuda material y de la presencia, el acompa\u00f1amiento y la contenci\u00f3n integral\u00a0a toda persona que sufre, desde una perspectiva del bien com\u00fan.<\/span><\/p>\n\t\t\t\t\t\t\t\t<\/div>\n\t\t\t\t<\/div>\n\t\t\t\t\t<\/div>\n\t\t<\/div>\n\t\t\t\t\t<\/div>\n\t\t<\/section>\n\t\t\t\t<section class=\"elementor-section elementor-top-section elementor-element elementor-element-c01d017 elementor-section-boxed elementor-section-height-default elementor-section-height-default\" data-id=\"c01d017\" data-element_type=\"section\">\n\t\t\t\t\t\t<div class=\"elementor-container elementor-column-gap-default\">\n\t\t\t\t\t<div class=\"elementor-column elementor-col-20 elementor-top-column elementor-element elementor-element-cc56a41\" data-id=\"cc56a41\" data-element_type=\"column\">\n\t\t\t<div class=\"elementor-widget-wrap elementor-element-populated\">\n\t\t\t\t\t\t<div class=\"elementor-element elementor-element-e713e04 elementor-position-top elementor-widget elementor-widget-image-box\" data-id=\"e713e04\" data-element_type=\"widget\" data-widget_type=\"image-box.default\">\n\t\t\t\t<div class=\"elementor-widget-container\">\n\t\t\t\t\t<div class=\"elementor-image-box-wrapper\"><figure class=\"elementor-image-box-img\"><a href=\"http:\/\/caritasrosario.com.ar\/inicio\/area-educacion\/\" tabindex=\"-1\"><img decoding=\"async\" width=\"150\" height=\"150\" src=\"https:\/\/caritasrosario.com.ar\/inicio\/wp-content\/uploads\/2021\/04\/educacion-150x150-1.png\" class=\"attachment-medium size-medium wp-image-13449\" alt=\"\" srcset=\"https:\/\/caritasrosario.com.ar\/inicio\/wp-content\/uploads\/2021\/04\/educacion-150x150-1.png 150w, https:\/\/caritasrosario.com.ar\/inicio\/wp-content\/uploads\/2021\/04\/educacion-150x150-1-100x100.png 100w\" sizes=\"(max-width: 150px) 100vw, 150px\" \/><\/a><\/figure><div class=\"elementor-image-box-content\"><h5 class=\"elementor-image-box-title\"><a href=\"http:\/\/caritasrosario.com.ar\/inicio\/area-educacion\/\">Educaci\u00f3n<\/a><\/h5><\/div><\/div>\t\t\t\t<\/div>\n\t\t\t\t<\/div>\n\t\t\t\t<div class=\"elementor-element elementor-element-34a537b elementor-position-top elementor-widget elementor-widget-image-box\" data-id=\"34a537b\" data-element_type=\"widget\" data-widget_type=\"image-box.default\">\n\t\t\t\t<div class=\"elementor-widget-container\">\n\t\t\t\t\t<div class=\"elementor-image-box-wrapper\"><figure class=\"elementor-image-box-img\"><a href=\"http:\/\/caritasrosario.com.ar\/inicio\/area-formacion\" tabindex=\"-1\"><img decoding=\"async\" width=\"150\" height=\"150\" src=\"https:\/\/caritasrosario.com.ar\/inicio\/wp-content\/uploads\/2021\/04\/primera-infancia-150x150-1-150x150.png\" class=\"attachment-thumbnail size-thumbnail wp-image-13448\" alt=\"\" srcset=\"https:\/\/caritasrosario.com.ar\/inicio\/wp-content\/uploads\/2021\/04\/primera-infancia-150x150-1.png 150w, https:\/\/caritasrosario.com.ar\/inicio\/wp-content\/uploads\/2021\/04\/primera-infancia-150x150-1-100x100.png 100w\" sizes=\"(max-width: 150px) 100vw, 150px\" \/><\/a><\/figure><div class=\"elementor-image-box-content\"><h5 class=\"elementor-image-box-title\"><a href=\"http:\/\/caritasrosario.com.ar\/inicio\/area-formacion\">Area formaci\u00f3n<\/a><\/h5><\/div><\/div>\t\t\t\t<\/div>\n\t\t\t\t<\/div>\n\t\t\t\t\t<\/div>\n\t\t<\/div>\n\t\t\t\t<div class=\"elementor-column elementor-col-20 elementor-top-column elementor-element elementor-element-dded97a\" data-id=\"dded97a\" data-element_type=\"column\">\n\t\t\t<div class=\"elementor-widget-wrap elementor-element-populated\">\n\t\t\t\t\t\t<div class=\"elementor-element elementor-element-839eb74 elementor-position-top elementor-widget elementor-widget-image-box\" data-id=\"839eb74\" data-element_type=\"widget\" data-widget_type=\"image-box.default\">\n\t\t\t\t<div class=\"elementor-widget-container\">\n\t\t\t\t\t<div class=\"elementor-image-box-wrapper\"><figure class=\"elementor-image-box-img\"><a href=\"http:\/\/caritasrosario.com.ar\/inicio\/ayuda-inmediata\" tabindex=\"-1\"><img decoding=\"async\" width=\"150\" height=\"150\" src=\"https:\/\/caritasrosario.com.ar\/inicio\/wp-content\/uploads\/2021\/04\/ayuda-inmediata-150x150-1-150x150.png\" class=\"attachment-thumbnail size-thumbnail wp-image-13445\" alt=\"\" srcset=\"https:\/\/caritasrosario.com.ar\/inicio\/wp-content\/uploads\/2021\/04\/ayuda-inmediata-150x150-1.png 150w, https:\/\/caritasrosario.com.ar\/inicio\/wp-content\/uploads\/2021\/04\/ayuda-inmediata-150x150-1-100x100.png 100w\" sizes=\"(max-width: 150px) 100vw, 150px\" \/><\/a><\/figure><div class=\"elementor-image-box-content\"><h5 class=\"elementor-image-box-title\"><a href=\"http:\/\/caritasrosario.com.ar\/inicio\/ayuda-inmediata\">Ayuda Inmediata<\/a><\/h5><\/div><\/div>\t\t\t\t<\/div>\n\t\t\t\t<\/div>\n\t\t\t\t<div class=\"elementor-element elementor-element-d0c4709 elementor-position-top elementor-widget elementor-widget-image-box\" data-id=\"d0c4709\" data-element_type=\"widget\" data-widget_type=\"image-box.default\">\n\t\t\t\t<div class=\"elementor-widget-container\">\n\t\t\t\t\t<div class=\"elementor-image-box-wrapper\"><figure class=\"elementor-image-box-img\"><a href=\"http:\/\/caritasrosario.com.ar\/inicio\/area-emergencia\" tabindex=\"-1\"><img loading=\"lazy\" decoding=\"async\" width=\"150\" height=\"150\" src=\"https:\/\/caritasrosario.com.ar\/inicio\/wp-content\/uploads\/2021\/04\/emergencias-150x150-1-150x150.png\" class=\"attachment-thumbnail size-thumbnail wp-image-13446\" alt=\"\" srcset=\"https:\/\/caritasrosario.com.ar\/inicio\/wp-content\/uploads\/2021\/04\/emergencias-150x150-1.png 150w, https:\/\/caritasrosario.com.ar\/inicio\/wp-content\/uploads\/2021\/04\/emergencias-150x150-1-100x100.png 100w\" sizes=\"(max-width: 150px) 100vw, 150px\" \/><\/a><\/figure><div class=\"elementor-image-box-content\"><h5 class=\"elementor-image-box-title\"><a href=\"http:\/\/caritasrosario.com.ar\/inicio\/area-emergencia\">Emergencias<\/a><\/h5><\/div><\/div>\t\t\t\t<\/div>\n\t\t\t\t<\/div>\n\t\t\t\t\t<\/div>\n\t\t<\/div>\n\t\t\t\t<div class=\"elementor-column elementor-col-20 elementor-top-column elementor-element elementor-element-10bf4e0\" data-id=\"10bf4e0\" data-element_type=\"column\">\n\t\t\t<div class=\"elementor-widget-wrap elementor-element-populated\">\n\t\t\t\t\t\t<div class=\"elementor-element elementor-element-139a5cf elementor-position-top elementor-widget elementor-widget-image-box\" data-id=\"139a5cf\" data-element_type=\"widget\" data-widget_type=\"image-box.default\">\n\t\t\t\t<div class=\"elementor-widget-container\">\n\t\t\t\t\t<div class=\"elementor-image-box-wrapper\"><figure class=\"elementor-image-box-img\"><a href=\"http:\/\/caritasrosario.com.ar\/inicio\/area-ciudadania\" tabindex=\"-1\"><img loading=\"lazy\" decoding=\"async\" width=\"150\" height=\"150\" src=\"https:\/\/caritasrosario.com.ar\/inicio\/wp-content\/uploads\/2021\/04\/desarrollo-150x150-1-150x150.png\" class=\"attachment-thumbnail size-thumbnail wp-image-13442\" alt=\"\" srcset=\"https:\/\/caritasrosario.com.ar\/inicio\/wp-content\/uploads\/2021\/04\/desarrollo-150x150-1.png 150w, https:\/\/caritasrosario.com.ar\/inicio\/wp-content\/uploads\/2021\/04\/desarrollo-150x150-1-100x100.png 100w\" sizes=\"(max-width: 150px) 100vw, 150px\" \/><\/a><\/figure><div class=\"elementor-image-box-content\"><h5 class=\"elementor-image-box-title\"><a href=\"http:\/\/caritasrosario.com.ar\/inicio\/area-ciudadania\">Area Ciudadan\u00eda<\/a><\/h5><\/div><\/div>\t\t\t\t<\/div>\n\t\t\t\t<\/div>\n\t\t\t\t<div class=\"elementor-element elementor-element-d3a704e elementor-position-top elementor-widget elementor-widget-image-box\" data-id=\"d3a704e\" data-element_type=\"widget\" data-widget_type=\"image-box.default\">\n\t\t\t\t<div class=\"elementor-widget-container\">\n\t\t\t\t\t<div class=\"elementor-image-box-wrapper\"><figure class=\"elementor-image-box-img\"><a href=\"http:\/\/caritasrosario.com.ar\/inicio\/areas-de-desarrollo-institucional\" tabindex=\"-1\"><img loading=\"lazy\" decoding=\"async\" width=\"150\" height=\"150\" src=\"https:\/\/caritasrosario.com.ar\/inicio\/wp-content\/uploads\/2021\/04\/economia-150x150-1-150x150.png\" class=\"attachment-thumbnail size-thumbnail wp-image-13444\" alt=\"\" srcset=\"https:\/\/caritasrosario.com.ar\/inicio\/wp-content\/uploads\/2021\/04\/economia-150x150-1.png 150w, https:\/\/caritasrosario.com.ar\/inicio\/wp-content\/uploads\/2021\/04\/economia-150x150-1-100x100.png 100w\" sizes=\"(max-width: 150px) 100vw, 150px\" \/><\/a><\/figure><div class=\"elementor-image-box-content\"><h5 class=\"elementor-image-box-title\"><a href=\"http:\/\/caritasrosario.com.ar\/inicio\/areas-de-desarrollo-institucional\">\u00c1rea de desarrollo institucional<\/a><\/h5><\/div><\/div>\t\t\t\t<\/div>\n\t\t\t\t<\/div>\n\t\t\t\t\t<\/div>\n\t\t<\/div>\n\t\t\t\t<div class=\"elementor-column elementor-col-20 elementor-top-column elementor-element elementor-element-e96ad44\" data-id=\"e96ad44\" data-element_type=\"column\">\n\t\t\t<div class=\"elementor-widget-wrap elementor-element-populated\">\n\t\t\t\t\t\t<div class=\"elementor-element elementor-element-e116fc2 elementor-position-top elementor-widget elementor-widget-image-box\" data-id=\"e116fc2\" data-element_type=\"widget\" data-widget_type=\"image-box.default\">\n\t\t\t\t<div class=\"elementor-widget-container\">\n\t\t\t\t\t<div class=\"elementor-image-box-wrapper\"><figure class=\"elementor-image-box-img\"><a href=\"http:\/\/caritasrosario.com.ar\/inicio\/area-emergencia\" tabindex=\"-1\"><img loading=\"lazy\" decoding=\"async\" width=\"150\" height=\"150\" src=\"https:\/\/caritasrosario.com.ar\/inicio\/wp-content\/uploads\/2021\/04\/equidad-150x150-1-150x150.png\" class=\"attachment-thumbnail size-thumbnail wp-image-13441\" alt=\"\" srcset=\"https:\/\/caritasrosario.com.ar\/inicio\/wp-content\/uploads\/2021\/04\/equidad-150x150-1.png 150w, https:\/\/caritasrosario.com.ar\/inicio\/wp-content\/uploads\/2021\/04\/equidad-150x150-1-100x100.png 100w\" sizes=\"(max-width: 150px) 100vw, 150px\" \/><\/a><\/figure><div class=\"elementor-image-box-content\"><h5 class=\"elementor-image-box-title\"><a href=\"http:\/\/caritasrosario.com.ar\/inicio\/area-emergencia\">Equidad entre varones y mujeres<\/a><\/h5><\/div><\/div>\t\t\t\t<\/div>\n\t\t\t\t<\/div>\n\t\t\t\t<div class=\"elementor-element elementor-element-8128e39 elementor-position-top elementor-widget elementor-widget-image-box\" data-id=\"8128e39\" data-element_type=\"widget\" data-widget_type=\"image-box.default\">\n\t\t\t\t<div class=\"elementor-widget-container\">\n\t\t\t\t\t<div class=\"elementor-image-box-wrapper\"><figure class=\"elementor-image-box-img\"><a href=\"http:\/\/caritasrosario.com.ar\/inicio\/economia-social-solidaria\" tabindex=\"-1\"><img loading=\"lazy\" decoding=\"async\" width=\"150\" height=\"150\" src=\"https:\/\/caritasrosario.com.ar\/inicio\/wp-content\/uploads\/2021\/04\/vivienda-150x150-1-150x150.png\" class=\"attachment-thumbnail size-thumbnail wp-image-13443\" alt=\"\" srcset=\"https:\/\/caritasrosario.com.ar\/inicio\/wp-content\/uploads\/2021\/04\/vivienda-150x150-1.png 150w, https:\/\/caritasrosario.com.ar\/inicio\/wp-content\/uploads\/2021\/04\/vivienda-150x150-1-100x100.png 100w\" sizes=\"(max-width: 150px) 100vw, 150px\" \/><\/a><\/figure><div class=\"elementor-image-box-content\"><h5 class=\"elementor-image-box-title\"><a href=\"http:\/\/caritasrosario.com.ar\/inicio\/economia-social-solidaria\">Economia social solidaria<\/a><\/h5><\/div><\/div>\t\t\t\t<\/div>\n\t\t\t\t<\/div>\n\t\t\t\t\t<\/div>\n\t\t<\/div>\n\t\t\t\t<div class=\"elementor-column elementor-col-20 elementor-top-column elementor-element elementor-element-a4d3c4b\" data-id=\"a4d3c4b\" data-element_type=\"column\">\n\t\t\t<div class=\"elementor-widget-wrap elementor-element-populated\">\n\t\t\t\t\t\t<div class=\"elementor-element elementor-element-21910e5 elementor-position-top elementor-widget elementor-widget-image-box\" data-id=\"21910e5\" data-element_type=\"widget\" data-widget_type=\"image-box.default\">\n\t\t\t\t<div class=\"elementor-widget-container\">\n\t\t\t\t\t<div class=\"elementor-image-box-wrapper\"><figure class=\"elementor-image-box-img\"><img loading=\"lazy\" decoding=\"async\" width=\"150\" height=\"150\" src=\"https:\/\/caritasrosario.com.ar\/inicio\/wp-content\/uploads\/2021\/04\/comunicacion-150x150-1-150x150.png\" class=\"attachment-thumbnail size-thumbnail wp-image-13440\" alt=\"\" srcset=\"https:\/\/caritasrosario.com.ar\/inicio\/wp-content\/uploads\/2021\/04\/comunicacion-150x150-1.png 150w, https:\/\/caritasrosario.com.ar\/inicio\/wp-content\/uploads\/2021\/04\/comunicacion-150x150-1-100x100.png 100w\" sizes=\"(max-width: 150px) 100vw, 150px\" \/><\/figure><div class=\"elementor-image-box-content\"><h5 class=\"elementor-image-box-title\">Comunicaci\u00f3n<\/h5><\/div><\/div>\t\t\t\t<\/div>\n\t\t\t\t<\/div>\n\t\t\t\t<div class=\"elementor-element elementor-element-ee2b0cb elementor-position-top elementor-widget elementor-widget-image-box\" data-id=\"ee2b0cb\" data-element_type=\"widget\" data-widget_type=\"image-box.default\">\n\t\t\t\t<div class=\"elementor-widget-container\">\n\t\t\t\t\t<div class=\"elementor-image-box-wrapper\"><figure class=\"elementor-image-box-img\"><a href=\"http:\/\/caritasrosario.com.ar\/inicio\/areas-de-administracion\" tabindex=\"-1\"><img loading=\"lazy\" decoding=\"async\" width=\"150\" height=\"150\" src=\"https:\/\/caritasrosario.com.ar\/inicio\/wp-content\/uploads\/2021\/04\/recursos-150x150-1-150x150.png\" class=\"attachment-thumbnail size-thumbnail wp-image-13439\" alt=\"\" srcset=\"https:\/\/caritasrosario.com.ar\/inicio\/wp-content\/uploads\/2021\/04\/recursos-150x150-1.png 150w, https:\/\/caritasrosario.com.ar\/inicio\/wp-content\/uploads\/2021\/04\/recursos-150x150-1-100x100.png 100w\" sizes=\"(max-width: 150px) 100vw, 150px\" \/><\/a><\/figure><div class=\"elementor-image-box-content\"><h5 class=\"elementor-image-box-title\"><a href=\"http:\/\/caritasrosario.com.ar\/inicio\/areas-de-administracion\">Desarrollo de recursos y administraci\u00f3n<\/a><\/h5><\/div><\/div>\t\t\t\t<\/div>\n\t\t\t\t<\/div>\n\t\t\t\t\t<\/div>\n\t\t<\/div>\n\t\t\t\t\t<\/div>\n\t\t<\/section>\n\t\t\t\t<\/div>\n\t\t","protected":false},"excerpt":{"rendered":"<p>Los principales destinatarios de la misi\u00f3n de C\u00e1ritas son los m\u00e1s pobres y los excluidos, procurando que crezcan en dignidad y sean protagonistas de su propio desarrollo, personal y comunitario. C\u00e1ritas act\u00faa significativamente, es decir busca realizar acciones que sean eficaces, procurando incidir en la transformaci\u00f3n cultural del contexto en el que act\u00faa sin pretender&#8230;<\/p>\n","protected":false},"author":2,"featured_media":0,"parent":0,"menu_order":0,"comment_status":"closed","ping_status":"closed","template":"","meta":{"footnotes":""},"class_list":["post-7","page","type-page","status-publish","hentry"],"yoast_head":"<!-- This site is optimized with the Yoast SEO plugin v27.5 - https:\/\/yoast.com\/product\/yoast-seo-wordpress\/ -->\n<title>\u00bfQu\u00e9 hacemos? - Caritas Rosario<\/title>\n<meta name=\"robots\" content=\"index, follow, max-snippet:-1, max-image-preview:large, max-video-preview:-1\" \/>\n<link rel=\"canonical\" href=\"https:\/\/caritasrosario.com.ar\/inicio\/que-hacemos\/\" \/>\n<meta property=\"og:locale\" content=\"es_ES\" \/>\n<meta property=\"og:type\" content=\"article\" \/>\n<meta property=\"og:title\" content=\"\u00bfQu\u00e9 hacemos? - Caritas Rosario\" \/>\n<meta property=\"og:description\" content=\"Los principales destinatarios de la misi\u00f3n de C\u00e1ritas son los m\u00e1s pobres y los excluidos, procurando que crezcan en dignidad y sean protagonistas de su propio desarrollo, personal y comunitario. C\u00e1ritas act\u00faa significativamente, es decir busca realizar acciones que sean eficaces, procurando incidir en la transformaci\u00f3n cultural del contexto en el que act\u00faa sin pretender...\" \/>\n<meta property=\"og:url\" content=\"https:\/\/caritasrosario.com.ar\/inicio\/que-hacemos\/\" \/>\n<meta property=\"og:site_name\" content=\"Caritas Rosario\" \/>\n<meta property=\"article:modified_time\" content=\"2021-05-05T12:07:06+00:00\" \/>\n<meta property=\"og:image\" content=\"https:\/\/caritasrosario.com.ar\/inicio\/wp-content\/uploads\/2021\/04\/educacion-150x150-1.png\" \/>\n<meta name=\"twitter:card\" content=\"summary_large_image\" \/>\n<meta name=\"twitter:label1\" content=\"Tiempo de lectura\" \/>\n\t<meta name=\"twitter:data1\" content=\"1 minuto\" \/>\n<script type=\"application\/ld+json\" class=\"yoast-schema-graph\">{\"@context\":\"https:\\\/\\\/schema.org\",\"@graph\":[{\"@type\":\"WebPage\",\"@id\":\"https:\\\/\\\/caritasrosario.com.ar\\\/inicio\\\/que-hacemos\\\/\",\"url\":\"https:\\\/\\\/caritasrosario.com.ar\\\/inicio\\\/que-hacemos\\\/\",\"name\":\"\u00bfQu\u00e9 hacemos? - Caritas Rosario\",\"isPartOf\":{\"@id\":\"https:\\\/\\\/caritasrosario.com.ar\\\/inicio\\\/#website\"},\"primaryImageOfPage\":{\"@id\":\"https:\\\/\\\/caritasrosario.com.ar\\\/inicio\\\/que-hacemos\\\/#primaryimage\"},\"image\":{\"@id\":\"https:\\\/\\\/caritasrosario.com.ar\\\/inicio\\\/que-hacemos\\\/#primaryimage\"},\"thumbnailUrl\":\"https:\\\/\\\/caritasrosario.com.ar\\\/inicio\\\/wp-content\\\/uploads\\\/2021\\\/04\\\/educacion-150x150-1.png\",\"datePublished\":\"2021-04-01T21:28:05+00:00\",\"dateModified\":\"2021-05-05T12:07:06+00:00\",\"breadcrumb\":{\"@id\":\"https:\\\/\\\/caritasrosario.com.ar\\\/inicio\\\/que-hacemos\\\/#breadcrumb\"},\"inLanguage\":\"es\",\"potentialAction\":[{\"@type\":\"ReadAction\",\"target\":[\"https:\\\/\\\/caritasrosario.com.ar\\\/inicio\\\/que-hacemos\\\/\"]}]},{\"@type\":\"ImageObject\",\"inLanguage\":\"es\",\"@id\":\"https:\\\/\\\/caritasrosario.com.ar\\\/inicio\\\/que-hacemos\\\/#primaryimage\",\"url\":\"https:\\\/\\\/caritasrosario.com.ar\\\/inicio\\\/wp-content\\\/uploads\\\/2021\\\/04\\\/educacion-150x150-1.png\",\"contentUrl\":\"https:\\\/\\\/caritasrosario.com.ar\\\/inicio\\\/wp-content\\\/uploads\\\/2021\\\/04\\\/educacion-150x150-1.png\",\"width\":150,\"height\":150},{\"@type\":\"BreadcrumbList\",\"@id\":\"https:\\\/\\\/caritasrosario.com.ar\\\/inicio\\\/que-hacemos\\\/#breadcrumb\",\"itemListElement\":[{\"@type\":\"ListItem\",\"position\":1,\"name\":\"Portada\",\"item\":\"https:\\\/\\\/caritasrosario.com.ar\\\/inicio\\\/\"},{\"@type\":\"ListItem\",\"position\":2,\"name\":\"\u00bfQu\u00e9 hacemos?\"}]},{\"@type\":\"WebSite\",\"@id\":\"https:\\\/\\\/caritasrosario.com.ar\\\/inicio\\\/#website\",\"url\":\"https:\\\/\\\/caritasrosario.com.ar\\\/inicio\\\/\",\"name\":\"Caritas Rosario\",\"description\":\"Bienvenidos\",\"publisher\":{\"@id\":\"https:\\\/\\\/caritasrosario.com.ar\\\/inicio\\\/#organization\"},\"potentialAction\":[{\"@type\":\"SearchAction\",\"target\":{\"@type\":\"EntryPoint\",\"urlTemplate\":\"https:\\\/\\\/caritasrosario.com.ar\\\/inicio\\\/?s={search_term_string}\"},\"query-input\":{\"@type\":\"PropertyValueSpecification\",\"valueRequired\":true,\"valueName\":\"search_term_string\"}}],\"inLanguage\":\"es\"},{\"@type\":\"Organization\",\"@id\":\"https:\\\/\\\/caritasrosario.com.ar\\\/inicio\\\/#organization\",\"name\":\"Caritas Rosario\",\"url\":\"https:\\\/\\\/caritasrosario.com.ar\\\/inicio\\\/\",\"logo\":{\"@type\":\"ImageObject\",\"inLanguage\":\"es\",\"@id\":\"https:\\\/\\\/caritasrosario.com.ar\\\/inicio\\\/#\\\/schema\\\/logo\\\/image\\\/\",\"url\":\"https:\\\/\\\/caritasrosario.com.ar\\\/inicio\\\/wp-content\\\/uploads\\\/2021\\\/04\\\/cropped-cropped-caritas.png\",\"contentUrl\":\"https:\\\/\\\/caritasrosario.com.ar\\\/inicio\\\/wp-content\\\/uploads\\\/2021\\\/04\\\/cropped-cropped-caritas.png\",\"width\":166,\"height\":199,\"caption\":\"Caritas Rosario\"},\"image\":{\"@id\":\"https:\\\/\\\/caritasrosario.com.ar\\\/inicio\\\/#\\\/schema\\\/logo\\\/image\\\/\"}}]}<\/script>\n<!-- \/ Yoast SEO plugin. -->","yoast_head_json":{"title":"\u00bfQu\u00e9 hacemos? - Caritas Rosario","robots":{"index":"index","follow":"follow","max-snippet":"max-snippet:-1","max-image-preview":"max-image-preview:large","max-video-preview":"max-video-preview:-1"},"canonical":"https:\/\/caritasrosario.com.ar\/inicio\/que-hacemos\/","og_locale":"es_ES","og_type":"article","og_title":"\u00bfQu\u00e9 hacemos? - Caritas Rosario","og_description":"Los principales destinatarios de la misi\u00f3n de C\u00e1ritas son los m\u00e1s pobres y los excluidos, procurando que crezcan en dignidad y sean protagonistas de su propio desarrollo, personal y comunitario. C\u00e1ritas act\u00faa significativamente, es decir busca realizar acciones que sean eficaces, procurando incidir en la transformaci\u00f3n cultural del contexto en el que act\u00faa sin pretender...","og_url":"https:\/\/caritasrosario.com.ar\/inicio\/que-hacemos\/","og_site_name":"Caritas Rosario","article_modified_time":"2021-05-05T12:07:06+00:00","og_image":[{"url":"https:\/\/caritasrosario.com.ar\/inicio\/wp-content\/uploads\/2021\/04\/educacion-150x150-1.png","type":"","width":"","height":""}],"twitter_card":"summary_large_image","twitter_misc":{"Tiempo de lectura":"1 minuto"},"schema":{"@context":"https:\/\/schema.org","@graph":[{"@type":"WebPage","@id":"https:\/\/caritasrosario.com.ar\/inicio\/que-hacemos\/","url":"https:\/\/caritasrosario.com.ar\/inicio\/que-hacemos\/","name":"\u00bfQu\u00e9 hacemos? - Caritas Rosario","isPartOf":{"@id":"https:\/\/caritasrosario.com.ar\/inicio\/#website"},"primaryImageOfPage":{"@id":"https:\/\/caritasrosario.com.ar\/inicio\/que-hacemos\/#primaryimage"},"image":{"@id":"https:\/\/caritasrosario.com.ar\/inicio\/que-hacemos\/#primaryimage"},"thumbnailUrl":"https:\/\/caritasrosario.com.ar\/inicio\/wp-content\/uploads\/2021\/04\/educacion-150x150-1.png","datePublished":"2021-04-01T21:28:05+00:00","dateModified":"2021-05-05T12:07:06+00:00","breadcrumb":{"@id":"https:\/\/caritasrosario.com.ar\/inicio\/que-hacemos\/#breadcrumb"},"inLanguage":"es","potentialAction":[{"@type":"ReadAction","target":["https:\/\/caritasrosario.com.ar\/inicio\/que-hacemos\/"]}]},{"@type":"ImageObject","inLanguage":"es","@id":"https:\/\/caritasrosario.com.ar\/inicio\/que-hacemos\/#primaryimage","url":"https:\/\/caritasrosario.com.ar\/inicio\/wp-content\/uploads\/2021\/04\/educacion-150x150-1.png","contentUrl":"https:\/\/caritasrosario.com.ar\/inicio\/wp-content\/uploads\/2021\/04\/educacion-150x150-1.png","width":150,"height":150},{"@type":"BreadcrumbList","@id":"https:\/\/caritasrosario.com.ar\/inicio\/que-hacemos\/#breadcrumb","itemListElement":[{"@type":"ListItem","position":1,"name":"Portada","item":"https:\/\/caritasrosario.com.ar\/inicio\/"},{"@type":"ListItem","position":2,"name":"\u00bfQu\u00e9 hacemos?"}]},{"@type":"WebSite","@id":"https:\/\/caritasrosario.com.ar\/inicio\/#website","url":"https:\/\/caritasrosario.com.ar\/inicio\/","name":"Caritas Rosario","description":"Bienvenidos","publisher":{"@id":"https:\/\/caritasrosario.com.ar\/inicio\/#organization"},"potentialAction":[{"@type":"SearchAction","target":{"@type":"EntryPoint","urlTemplate":"https:\/\/caritasrosario.com.ar\/inicio\/?s={search_term_string}"},"query-input":{"@type":"PropertyValueSpecification","valueRequired":true,"valueName":"search_term_string"}}],"inLanguage":"es"},{"@type":"Organization","@id":"https:\/\/caritasrosario.com.ar\/inicio\/#organization","name":"Caritas Rosario","url":"https:\/\/caritasrosario.com.ar\/inicio\/","logo":{"@type":"ImageObject","inLanguage":"es","@id":"https:\/\/caritasrosario.com.ar\/inicio\/#\/schema\/logo\/image\/","url":"https:\/\/caritasrosario.com.ar\/inicio\/wp-content\/uploads\/2021\/04\/cropped-cropped-caritas.png","contentUrl":"https:\/\/caritasrosario.com.ar\/inicio\/wp-content\/uploads\/2021\/04\/cropped-cropped-caritas.png","width":166,"height":199,"caption":"Caritas Rosario"},"image":{"@id":"https:\/\/caritasrosario.com.ar\/inicio\/#\/schema\/logo\/image\/"}}]}},"_links":{"self":[{"href":"https:\/\/caritasrosario.com.ar\/inicio\/wp-json\/wp\/v2\/pages\/7","targetHints":{"allow":["GET"]}}],"collection":[{"href":"https:\/\/caritasrosario.com.ar\/inicio\/wp-json\/wp\/v2\/pages"}],"about":[{"href":"https:\/\/caritasrosario.com.ar\/inicio\/wp-json\/wp\/v2\/types\/page"}],"author":[{"embeddable":true,"href":"https:\/\/caritasrosario.com.ar\/inicio\/wp-json\/wp\/v2\/users\/2"}],"replies":[{"embeddable":true,"href":"https:\/\/caritasrosario.com.ar\/inicio\/wp-json\/wp\/v2\/comments?post=7"}],"version-history":[{"count":5,"href":"https:\/\/caritasrosario.com.ar\/inicio\/wp-json\/wp\/v2\/pages\/7\/revisions"}],"predecessor-version":[{"id":14372,"href":"https:\/\/caritasrosario.com.ar\/inicio\/wp-json\/wp\/v2\/pages\/7\/revisions\/14372"}],"wp:attachment":[{"href":"https:\/\/caritasrosario.com.ar\/inicio\/wp-json\/wp\/v2\/media?parent=7"}],"curies":[{"name":"wp","href":"https:\/\/api.w.org\/{rel}","templated":true}]}}